{"id":50,"date":"2022-02-10T13:51:24","date_gmt":"2022-02-10T13:51:24","guid":{"rendered":"https:\/\/camaradintotesti.ro\/?page_id=50"},"modified":"2022-04-15T14:13:19","modified_gmt":"2022-04-15T14:13:19","slug":"despre-noi","status":"publish","type":"page","link":"https:\/\/camaradintotesti.ro\/index.php\/despre-noi\/","title":{"rendered":"Despre noi"},"content":{"rendered":"\n\n\n\n\n\n\n\n<p>Artizanatul \u00eenseamn\u0103 mai mult dec\u00e2t lucru de m\u00e2n\u0103 f\u0103cut \u00eentr-un atelier. Fiecare produs finit are \u00een spate o poveste, o poveste real\u0103, o proveste tr\u0103it\u0103, \u0219i nu imaginat\u0103. Motiva\u021bia unui produc\u0103tor autentic este ca o convulsie creatoare, alergic\u0103 la compromis.\nS\u0103 vrei s\u0103 vinzi mai mult dec\u00e2t po\u021bi produce e ca \u0219i cum ai lua credibilitate cu \u00eemprumut \u0219i ai pl\u0103ti dob\u00e2nd\u0103 din naivitatea omului \u00een fa\u021ba c\u0103ruia te prezin\u021bi. O caricatur\u0103 capitalist\u0103 desenat\u0103 cu l\u0103comie. A\u0219a cum nu orice pictur\u0103 este art\u0103, nici orice produs nu e artizanat, \u0219i farsorii se deconpsir\u0103 singuri, prin discursul lor lipsit de fond. Autenticul trebuie s\u0103 r\u0103spund\u0103 la toate \u00eentreb\u0103rile simple: Ce, de ce, cum, c\u00e2nd, unde, \u0219i, cel mai important, cine?\n<\/p>\n<p>C\u0103mara din Tote\u0219ti\n<\/p><br>\n<p>Cine?\n<\/p>\n<p>Carmen a \u00eenceput acum c\u00e2\u021biva ani s\u0103-\u0219i aduc\u0103 aminte de re\u021betele pe care mama, m\u0103tu\u0219ile \u0219i bunica ei au \u00eenv\u0103\u021bat-o c\u00e2nd era copil\u0103. Av\u00e2nd o \u00eenclina\u021bie nativ\u0103 \u00eenspre a \u00eenchega dulce\u021buri \u0219i a da gust sosurilor dintr-o-nv\u00e2rtitur\u0103 de lingur\u0103 v\u00e2n\u0103toreasc\u0103, \u0219i-a adus aminte c\u0103 \u00een micu\u021bul sat ardelenesc \u00een care s-a n\u0103scut, oamenii nu f\u0103ceau risip\u0103 de resurse \u0219i foloseau tot ce aveau pe l\u00e2ng\u0103 cas\u0103. Ceea ce produceam \u00een plus fa\u021b\u0103 de ceea ce aveam nevoie am \u00eenceput s\u0103 oferim familiei \u0219i prietenilor apropia\u021bi, dar cu timpul cercul de doritori s-a m\u0103rit. Paula este fiica lui Carmen. De\u0219i a tr\u0103it mare parte din via\u021ba ei de adult \u00een ora\u0219, dragul de obiceiurile copil\u0103riei a atras-o \u00eenapoi \u00een s\u00e2nul satului. Pasiunile pentru natur\u0103, g\u0103tit, grafic\u0103, fotografie \u0219i cuv\u00e2nt\u00a0 s-au a\u0219ezat, c\u0103r\u0103mid\u0103 cu c\u0103r\u0103mid\u0103, peste ini\u021biativa mamei ei, \u0219i astfel a luat fiin\u021b\u0103 C\u0103mara din Tote\u0219ti. \n<br>Am primit ajutor pre\u021bios \u0219i din partea prietenilor din \u021bar\u0103 \u0219i de peste hotare, prin ac\u021biuni de voluntariat. Am ie\u0219it \u00eempreun\u0103 la cules, am preg\u0103tit fructele pentru procesare, am dat cu bidineaua, am pus rigips \u0219i-am lipit etichete.\n<\/p>\n<p>Ce?\n<\/p>\n<p>Proces\u0103m legume, fructe \u0219i plante aromatice din gr\u0103dinile \u0219i livezile noastre, din flora spontan\u0103 a \u021a\u0103rii Ha\u021begului \u0219i din mun\u021bii Retezat.\n<\/p>\n\n<p>Cum?\n<\/p>\n<p>\u00cen fiecare an, \u00een acel moment \u00een care prim\u0103vara \u00ee\u0219i face sim\u021bit\u0103 prezen\u021ba prin culori, parfum \u0219i arome, \u00eencepem s\u0103 ne \u00eengrijim de gr\u0103dini \u0219i livezi. Ie\u0219im la cules de muguri de brad, flori \u0219i plante aromatice, din care facem siropuri, dulcea\u021b\u0103 \u0219i ceai. Inspira\u021bia ne vine din specificul sezonului \u0219i din ceea ce ne ofer\u0103 natura. C\u0103tre toamn\u0103 ceaunul se \u00eencinge aprig. Avem bel\u0219ug de fructe \u0219i legume, iar dup\u0103 ce zacusca \u0219i mur\u0103turile sunt gata, \u00eencepem s\u0103 preg\u0103tim co\u0219ule\u021be cadou pentru s\u0103rb\u0103torile de iarn\u0103. C\u00e2nd d\u0103 z\u0103pada, ne str\u00e2ngem l\u00e2ng\u0103 foc, ca s\u0103 ne g\u00e2ndim ce-a fost bine \u0219i ce putem \u00eembun\u0103t\u0103\u021bi. Acum producem c\u00e2t putem culege \u0219i \u00eengriji, dar cu timpul vrem s\u0103 al\u0103tur\u0103m ini\u021biativei noastre \u0219i alte gr\u0103dini din comunitate, ca surs\u0103 de fructe \u0219i legume de calitate.\n<\/p>\n<p>C\u00e2nd?\n<\/p>\n<p>Ini\u021biativa noastr\u0103 s-a n\u0103scut \u00een anul 2014 \u0219i de atunci cre\u0219tem organic din fonduri proprii \u0219i prin ac\u021biuni de voluntariat, f\u0103r\u0103 infuzii artificiale de capital.\n<\/p>\n<p>Unde?\n<\/p>\n<p>Buc\u0103t\u0103ria \u0219i c\u0103mara noastr\u0103 se afl\u0103 \u00een \u021aara Ha\u021begului, satul Tote\u0219ti, jude\u021bul Hunedoara, la poalele mun\u021bilor Retezat.\n<\/p>\n\n<p>De ce?\n<\/p>\n<p>Am \u00eenceput prin a procesa resursele pe care le aveam la \u00eendem\u00e2n\u0103 \u00een timpul pe care \u00eel aveam \u00een plus, motiva\u021bi fiind de dorin\u021ba de a nu face risip\u0103. Cu timpul ne-a venit ideea c\u0103 din ceea ce putem cre\u0219te \u0219i culege din jurul casei se poate tr\u0103i bine, f\u0103r\u0103 a ne mai vinde timpul \u00eentr-un mediu de compromis. Acest proces este unul progresiv. Mirajul \u201c\u0219i-a dat demisia \u0219i s-a mutat la sat\u201d este tentant, dar neverosimil. Este vorba de mult\u0103 munc\u0103 \u0219i de un proces de \u00eencercare \u0219i e\u0219ec, din care se \u00eenva\u021b\u0103 continuu. Pe termen lung, inten\u021bion\u0103m s\u0103 implic\u0103m \u0219i s\u0103 ne implic\u0103m activ \u00een comunitatea \u00een care tr\u0103im. De aceea, identitatea noastr\u0103 vizual\u0103 nu este \u201cC\u0103mara din Tote\u0219ti\u201d ci \u201cProduse f\u0103r\u0103 conservan\u021bi din \u021aara Ha\u021begului\u201d.\nLa fel cum economia solidar\u0103 porne\u0219te de la nevoie \u0219i resurs\u0103, \u0219i nu de la cerere \u0219i ofert\u0103, a\u0219a \u0219i artizanatul porne\u0219te din nevoia omului de a-\u0219i transforma ideile \u00een lucru de m\u00e2n\u0103. Artizanatul \u00eenceteaz\u0103 atunci c\u00e2nd me\u0219terul \u00eencepe s\u0103 produc\u0103 ce se cere, pentru c\u0103 atunci motiva\u021bia lui se mut\u0103 din interior \u00een exterior. Devine susceptibil\u0103 la compromis \u0219i sugrum\u0103 autenticul.\n<\/p>\n\n\n","protected":false},"excerpt":{"rendered":"","protected":false},"author":1,"featured_media":0,"parent":0,"menu_order":0,"comment_status":"closed","ping_status":"closed","template":"template-full.php","meta":{"footnotes":""},"class_list":["post-50","page","type-page","status-publish","hentry"],"yoast_head":"<!-- This site is optimized with the Yoast SEO plugin v27.5 - https:\/\/yoast.com\/product\/yoast-seo-wordpress\/ -->\n<title>Despre noi - Hran\u0103 curat\u0103 din \u021aara Ha\u021begului<\/title>\n<meta name=\"robots\" content=\"index, follow, max-snippet:-1, max-image-preview:large, max-video-preview:-1\" \/>\n<link rel=\"canonical\" href=\"https:\/\/camaradintotesti.ro\/index.php\/despre-noi\/\" \/>\n<meta property=\"og:locale\" content=\"en_US\" \/>\n<meta property=\"og:type\" content=\"article\" \/>\n<meta property=\"og:title\" content=\"Despre noi - Hran\u0103 curat\u0103 din \u021aara Ha\u021begului\" \/>\n<meta property=\"og:url\" content=\"https:\/\/camaradintotesti.ro\/index.php\/despre-noi\/\" \/>\n<meta property=\"og:site_name\" content=\"Hran\u0103 curat\u0103 din \u021aara Ha\u021begului\" \/>\n<meta property=\"article:modified_time\" content=\"2022-04-15T14:13:19+00:00\" \/>\n<meta name=\"twitter:card\" content=\"summary_large_image\" \/>\n<meta name=\"twitter:label1\" content=\"Est. reading time\" \/>\n\t<meta name=\"twitter:data1\" content=\"1 minute\" \/>\n<script type=\"application\/ld+json\" class=\"yoast-schema-graph\">{\"@context\":\"https:\\\/\\\/schema.org\",\"@graph\":[{\"@type\":\"WebPage\",\"@id\":\"https:\\\/\\\/camaradintotesti.ro\\\/index.php\\\/despre-noi\\\/\",\"url\":\"https:\\\/\\\/camaradintotesti.ro\\\/index.php\\\/despre-noi\\\/\",\"name\":\"Despre noi - Hran\u0103 curat\u0103 din \u021aara Ha\u021begului\",\"isPartOf\":{\"@id\":\"https:\\\/\\\/camaradintotesti.ro\\\/#website\"},\"datePublished\":\"2022-02-10T13:51:24+00:00\",\"dateModified\":\"2022-04-15T14:13:19+00:00\",\"breadcrumb\":{\"@id\":\"https:\\\/\\\/camaradintotesti.ro\\\/index.php\\\/despre-noi\\\/#breadcrumb\"},\"inLanguage\":\"en-US\",\"potentialAction\":[{\"@type\":\"ReadAction\",\"target\":[\"https:\\\/\\\/camaradintotesti.ro\\\/index.php\\\/despre-noi\\\/\"]}]},{\"@type\":\"BreadcrumbList\",\"@id\":\"https:\\\/\\\/camaradintotesti.ro\\\/index.php\\\/despre-noi\\\/#breadcrumb\",\"itemListElement\":[{\"@type\":\"ListItem\",\"position\":1,\"name\":\"Home\",\"item\":\"https:\\\/\\\/camaradintotesti.ro\\\/\"},{\"@type\":\"ListItem\",\"position\":2,\"name\":\"Despre noi\"}]},{\"@type\":\"WebSite\",\"@id\":\"https:\\\/\\\/camaradintotesti.ro\\\/#website\",\"url\":\"https:\\\/\\\/camaradintotesti.ro\\\/\",\"name\":\"Hran\u0103 curat\u0103 din \u021aara Ha\u021begului\",\"description\":\"Din mii \u0219i mii de alte locuri \u00een care puteai ajunge, tu e\u0219ti aici. Bine ai venit \u00een \u021aara Ha\u021begului!\",\"potentialAction\":[{\"@type\":\"SearchAction\",\"target\":{\"@type\":\"EntryPoint\",\"urlTemplate\":\"https:\\\/\\\/camaradintotesti.ro\\\/?s={search_term_string}\"},\"query-input\":{\"@type\":\"PropertyValueSpecification\",\"valueRequired\":true,\"valueName\":\"search_term_string\"}}],\"inLanguage\":\"en-US\"}]}<\/script>\n<!-- \/ Yoast SEO plugin. -->","yoast_head_json":{"title":"Despre noi - Hran\u0103 curat\u0103 din \u021aara Ha\u021begului","robots":{"index":"index","follow":"follow","max-snippet":"max-snippet:-1","max-image-preview":"max-image-preview:large","max-video-preview":"max-video-preview:-1"},"canonical":"https:\/\/camaradintotesti.ro\/index.php\/despre-noi\/","og_locale":"en_US","og_type":"article","og_title":"Despre noi - Hran\u0103 curat\u0103 din \u021aara Ha\u021begului","og_url":"https:\/\/camaradintotesti.ro\/index.php\/despre-noi\/","og_site_name":"Hran\u0103 curat\u0103 din \u021aara Ha\u021begului","article_modified_time":"2022-04-15T14:13:19+00:00","twitter_card":"summary_large_image","twitter_misc":{"Est. reading time":"1 minute"},"schema":{"@context":"https:\/\/schema.org","@graph":[{"@type":"WebPage","@id":"https:\/\/camaradintotesti.ro\/index.php\/despre-noi\/","url":"https:\/\/camaradintotesti.ro\/index.php\/despre-noi\/","name":"Despre noi - Hran\u0103 curat\u0103 din \u021aara Ha\u021begului","isPartOf":{"@id":"https:\/\/camaradintotesti.ro\/#website"},"datePublished":"2022-02-10T13:51:24+00:00","dateModified":"2022-04-15T14:13:19+00:00","breadcrumb":{"@id":"https:\/\/camaradintotesti.ro\/index.php\/despre-noi\/#breadcrumb"},"inLanguage":"en-US","potentialAction":[{"@type":"ReadAction","target":["https:\/\/camaradintotesti.ro\/index.php\/despre-noi\/"]}]},{"@type":"BreadcrumbList","@id":"https:\/\/camaradintotesti.ro\/index.php\/despre-noi\/#breadcrumb","itemListElement":[{"@type":"ListItem","position":1,"name":"Home","item":"https:\/\/camaradintotesti.ro\/"},{"@type":"ListItem","position":2,"name":"Despre noi"}]},{"@type":"WebSite","@id":"https:\/\/camaradintotesti.ro\/#website","url":"https:\/\/camaradintotesti.ro\/","name":"Hran\u0103 curat\u0103 din \u021aara Ha\u021begului","description":"Din mii \u0219i mii de alte locuri \u00een care puteai ajunge, tu e\u0219ti aici. Bine ai venit \u00een \u021aara Ha\u021begului!","potentialAction":[{"@type":"SearchAction","target":{"@type":"EntryPoint","urlTemplate":"https:\/\/camaradintotesti.ro\/?s={search_term_string}"},"query-input":{"@type":"PropertyValueSpecification","valueRequired":true,"valueName":"search_term_string"}}],"inLanguage":"en-US"}]}},"_links":{"self":[{"href":"https:\/\/camaradintotesti.ro\/index.php\/wp-json\/wp\/v2\/pages\/50","targetHints":{"allow":["GET"]}}],"collection":[{"href":"https:\/\/camaradintotesti.ro\/index.php\/wp-json\/wp\/v2\/pages"}],"about":[{"href":"https:\/\/camaradintotesti.ro\/index.php\/wp-json\/wp\/v2\/types\/page"}],"author":[{"embeddable":true,"href":"https:\/\/camaradintotesti.ro\/index.php\/wp-json\/wp\/v2\/users\/1"}],"replies":[{"embeddable":true,"href":"https:\/\/camaradintotesti.ro\/index.php\/wp-json\/wp\/v2\/comments?post=50"}],"version-history":[{"count":21,"href":"https:\/\/camaradintotesti.ro\/index.php\/wp-json\/wp\/v2\/pages\/50\/revisions"}],"predecessor-version":[{"id":138,"href":"https:\/\/camaradintotesti.ro\/index.php\/wp-json\/wp\/v2\/pages\/50\/revisions\/138"}],"wp:attachment":[{"href":"https:\/\/camaradintotesti.ro\/index.php\/wp-json\/wp\/v2\/media?parent=50"}],"curies":[{"name":"wp","href":"https:\/\/api.w.org\/{rel}","templated":true}]}}