{"id":45,"date":"2022-02-10T13:50:04","date_gmt":"2022-02-10T13:50:04","guid":{"rendered":"https:\/\/camaradintotesti.ro\/?page_id=45"},"modified":"2026-04-23T08:57:50","modified_gmt":"2026-04-23T08:57:50","slug":"produse","status":"publish","type":"page","link":"https:\/\/camaradintotesti.ro\/index.php\/produse\/","title":{"rendered":"Produse"},"content":{"rendered":"\n\n\n<p>Produse f\u0103r\u0103 conservan\u0163i, pe care le preg\u0103tim din roade crescute tradi\u021bional \u00een gr\u0103dinile \u015fi livezile noastre din \u0162ara Ha\u0163egului \u015fi din fructe de p\u0103dure, flori \u015fi plante de la poalele Mun\u0163ilor Retezat.\n<\/p>\n\n\n\n\n\n\n<h3 style=\"font-size: 22px\"> SIROP DIN FLORI S\u0102LBATICE \u0218I PLANTE AROMATICE <\/h3>\n\n\n\n\n\n<span style=\"background-color: rgb(255, 255, 255); color: rgb(0, 0, 0);\">Sirop din muguri de brad &#8211; 330 ml &#8211; 28 lei<\/span>\n<span style=\"background-color: rgb(255, 255, 255); color: rgb(0, 0, 0);\">Sirop din muguri de jneap\u0103n &#8211; 250 ml &#8211; 25 lei<\/span>\n<span style=\"background-color: rgb(255, 255, 255); color: rgb(0, 0, 0);\">Sirop din muguri de jneap\u0103n &#8211; 330 ml &#8211; 30 lei<\/span>\nSirop din flori de liliac \u2013 200 ml \u2013 20 lei&nbsp;\nSirop din flori de p\u0103p\u0103die \u2013 250 ml \u2013 22 lei&nbsp;\n<span style=\"color: rgb(0, 0, 0);\">Sirop din flori de soc \u2013 250 ml \u2013 25 lei&nbsp;<\/span>\n<span style=\"color: rgb(0, 0, 0);\">Sirop din flori de salc\u00e2m &#8211; 200 ml &#8211; 20 lei<\/span>\n<span style=\"color: rgb(0, 0, 0);\">Sirop din flori de iasomie &#8211; 250 ml &#8211; 25 lei<\/span>\n<span style=\"color: rgb(0, 0, 0);\">Sirop din petale de mac s\u0103lbatic &#8211; 200 ml &#8211; 20 lei<\/span>\n<span style=\"color: rgb(0, 0, 0);\">Sirop din izm\u0103, melis\u0103 \u0219i salvie &#8211; 250 ml &#8211; 25 lei<\/span>\n\n<h1>SIROP DE FRUCTE<\/h1>\n\n<span style=\"color: rgb(0, 0, 0);\">Afine de munte \u2013 200 ml &#8211; 20 lei (ultimele bucati)<\/span>\n<span style=\"color: rgb(0, 0, 0);\">Sirop de vi\u0219ine \u2013 250 ml \u2013 20 lei<\/span>\n\n\n\n<h3 style=\"font-size: 22px\"> DULCEA\u021a\u0102 din FLORI S\u0102LBATICE <\/h3>\n\n<span style=\"color: rgb(0, 0, 0);\">Dulcea\u021b\u0103 din flori de viorele \u2013 100 ml \u2013 22 lei&nbsp;<\/span>\n<span style=\"color: rgb(0, 0, 0);\">Dulcea\u021b\u0103 din flori de liliac, cu batoane de scor\u021bi\u0219oar\u0103 \u2013&nbsp;<\/span><span style=\"color: rgb(0, 0, 0);\">100 ml<\/span><span style=\"color: rgb(0, 0, 0);\">&nbsp;\u2013 22 lei<\/span>\n<span style=\"color: rgb(0, 0, 0);\">Dulcea\u021b\u0103 din petale de mac s\u0103lbatic, cu scotch whisky \u2013&nbsp;<\/span><span style=\"color: rgb(0, 0, 0);\">100 ml<\/span><span style=\"color: rgb(0, 0, 0);\">&nbsp;\u2013 22 lei<\/span>\n<span style=\"color: rgb(0, 0, 0);\">Dulcea<\/span>\u021b\u0103<span style=\"color: rgb(0, 0, 0);\">&nbsp;din flori de salc\u00e2m, cu rom cubanez\u2013&nbsp;<\/span><span style=\"color: rgb(0, 0, 0);\">100 ml<\/span><span style=\"color: rgb(0, 0, 0);\">&nbsp;\u2013 22 lei<\/span>\n<span style=\"color: rgb(0, 0, 0);\">Dulcea\u021b\u0103 din flori de soc \u2013&nbsp;<\/span><span style=\"color: rgb(0, 0, 0);\">100 ml<\/span><span style=\"color: rgb(0, 0, 0);\">&nbsp;\u2013 22 lei<\/span>\nDulcea\u021b\u0103 din flori de p\u0103p\u0103die cu ghimbir \u0219i l\u0103m\u00e2ie (tip topping) \u2013&nbsp;<span style=\"color: rgb(0, 0, 0);\">100 ml<\/span>&nbsp;\u2013 22 lei\n<span style=\"color: rgb(0, 0, 0);\">Dulcea\u021b\u0103 din petale de iasomie cu whisky Bourbon \u2013&nbsp;<\/span><span style=\"color: rgb(0, 0, 0);\">100 ml<\/span><span style=\"color: rgb(0, 0, 0);\">&nbsp;\u2013 22 lei<\/span>\n<span style=\"color: rgb(0, 0, 0);\">Dulcea\u021b\u0103 din flori de caprifoi (M\u00e2na Maicii Domnului) \u2013&nbsp;<\/span><span style=\"color: rgb(0, 0, 0);\">100 ml<\/span><span style=\"color: rgb(0, 0, 0);\">&nbsp;\u2013 22 lei&nbsp;<\/span>\n\n<h2>DULCEA\u021a\u0102 DE FRUCTE<\/h2>\n\n<span style=\"color: rgb(0, 0, 0);\">Dulcea\u021b\u0103 de nuci verzi \u2013&nbsp;<\/span><span style=\"color: rgb(0, 0, 0);\">200 ml<\/span><span style=\"color: rgb(0, 0, 0);\">&nbsp;\u2013 28 lei&nbsp;<\/span>\n<span style=\"color: rgb(0, 0, 0);\">Peltea de zmeur\u0103 (f\u0103r\u0103 s\u00e2mburi) \u2013&nbsp;<\/span><span style=\"color: rgb(0, 0, 0);\">100 ml<\/span><span style=\"color: rgb(0, 0, 0);\">&nbsp;\u2013 12 lei&nbsp;<\/span>\nDulcea\u021b\u0103 din afine de munte \u2013&nbsp;<span style=\"color: rgb(0, 0, 0);\">200 ml&nbsp;<\/span>\u2013 22 lei\n<span style=\"color: rgb(0, 0, 0);\">Dulcea\u021b\u0103 din c\u0103p\u0219uni \u00eentregi \u2013&nbsp;<\/span><span style=\"color: rgb(0, 0, 0);\">200 ml<\/span><span style=\"color: rgb(0, 0, 0);\">&nbsp;\u2013 22 lei<\/span>\n<span style=\"color: rgb(0, 0, 0);\">Pere \u00eentregi \u00een sirop auriu (pentru orez sau gris cu lapte) \u2013 314<\/span><span style=\"color: rgb(0, 0, 0);\">&nbsp;ml<\/span><span style=\"color: rgb(0, 0, 0);\">&nbsp;\u2013 25 lei<\/span>\n<span style=\"color: rgb(0, 0, 0);\">Dulcea\u021b\u0103 de vi\u0219ine \u2013&nbsp;<\/span><span style=\"color: rgb(0, 0, 0);\">200 ml<\/span><span style=\"color: rgb(0, 0, 0);\">&nbsp;\u2013 22 lei<\/span>\n<span style=\"color: rgb(0, 0, 0);\">Gem de vi\u0219ine \u2013&nbsp;<\/span><span style=\"color: rgb(0, 0, 0);\">200 ml<\/span><span style=\"color: rgb(0, 0, 0);\">&nbsp;\u2013 22 lei<\/span>\n<span style=\"color: rgb(0, 0, 0);\">Gem de m\u0103ce\u0219e \u2013&nbsp;<\/span><span style=\"color: rgb(0, 0, 0);\">200 ml<\/span><span style=\"color: rgb(0, 0, 0);\">&nbsp;\u2013 25 lei<\/span>\n<span style=\"color: rgb(0, 0, 0);\">Gem din fructe de p\u0103ducel \u2013&nbsp;<\/span><span style=\"color: rgb(0, 0, 0);\">212 ml<\/span><span style=\"color: rgb(0, 0, 0);\">&nbsp;\u2013 25 lei<\/span>\n<span style=\"color: rgb(0, 0, 0);\">Gem de caise cu pepene galben \u2013&nbsp;<\/span><span style=\"color: rgb(0, 0, 0);\">200 ml<\/span><span style=\"color: rgb(0, 0, 0);\">&nbsp;\u2013 25 lei<\/span>\n<span style=\"color: rgb(0, 0, 0);\">Dulcea\u021b\u0103 de coacaze negre \u2013&nbsp;<\/span><span style=\"color: rgb(0, 0, 0);\">200 ml<\/span><span style=\"color: rgb(0, 0, 0);\">&nbsp;\u2013 22 lei<\/span>\n<span style=\"color: rgb(0, 0, 0);\">Dulcea\u021b\u0103 din fructe de soc cu mar \u2013&nbsp;<\/span><span style=\"color: rgb(0, 0, 0);\">200 ml<\/span><span style=\"color: rgb(0, 0, 0);\">&nbsp;\u2013 22 lei<\/span>\n\n\n\n<span style=\"color: rgb(0, 0, 0);\">Magiun din afine de munte \u2013 2<\/span><span style=\"color: rgb(0, 0, 0);\">00 ml<\/span><span style=\"color: rgb(0, 0, 0);\">&nbsp;&#8211; 25 lei&nbsp;<\/span>\n<span style=\"color: rgb(0, 0, 0);\">Magiun din mere dulci &#8211; 200 ml &#8211; 20 lei<\/span>\n<span style=\"color: rgb(0, 0, 0);\">Magiun de pere \u2013 200 ml &#8211; 20 lei (stoc epuizat)<\/span>\n<span style=\"color: rgb(0, 0, 0);\">Magiun de prune &#8211; 220 g &#8211; 18 lei (stoc epuizat)<\/span>\n<span style=\"color: rgb(0, 0, 0);\">Magiun de prune &#8211; 312 g &#8211; 25 lei<\/span>\n<span style=\"color: rgb(0, 0, 0);\">Extract natural din afine de munte \u2013 200 ml \u2013 18 lei (ca un sirop)<\/span><br>\n<span style=\"color: rgb(0, 0, 0);\">Extract natural din fructe de aronia \u2013 200 ml \u2013 16 lei (se beau 30 ml inainte de masa )<\/span><br>\n<span style=\"color: rgb(0, 0, 0);\">Extract natural din struguri negri cabernet \u2013 200 ml \u2013 15 lei&nbsp;<\/span><br>\n\n\n\n<span style=\"color: rgb(0, 0, 0);\">Zacusc\u0103 de vinete \u2013 300 g: 34 lei\/ buc <span style=\"color:#008a00;\">I<\/span> <span style=\"color:#008a00;\">Ofert\u0103: 5 buc = 160 lei (32 lei\/ buc)<\/span><\/span>\n<span style=\"color:#ff9900;\"><span style=\"\"><\/span><\/span><span style=\"color:#000000;\"><span style=\"\"><span style=\"\">Zacusc\u0103 de vinete picant\u0103 \u2013 300 g<\/span><\/span><span style=\"\"><\/span><span style=\"\">: 34 lei\/ buc <span style=\"color:#008a00;\">I<\/span> <span style=\"color:#008a00;\">Ofert\u0103: 5 buc = 160 lei (32 lei\/ buc)<\/span><\/span><\/span><span style=\"color: rgb(255, 153, 0);\"><\/span>\n<span style=\"color:#ff9900;\"><span style=\"\"><\/span><\/span><span style=\"color:#000000;\"><span style=\"\"><span style=\"\">Zacusc\u0103 de dovlecel \u2013 300 ml<\/span><\/span><span style=\"\">: 32 lei\/ buc <span style=\"color:#008a00;\">I Ofert\u0103: 5 buc = 150 lei (30 lei\/ buc)<\/span><\/span><\/span><span style=\"color: rgb(255, 153, 0);\"><\/span>\n<span style=\"color: rgb(0, 0, 0);\">Zacusc\u0103 de ciuperci \u2013 200 ml &#8211; 22 lei<\/span>\n<span style=\"color: rgb(0, 0, 0);\">Tocan\u0103 de legume (simpl\u0103\/ cu orez) \u2013 300 ml<\/span><span style=\"color: rgb(0, 0, 0);\">: 32 lei\/ buc <span style=\"color:#008a00;\">I Ofert\u0103: 5 buc = 150 lei (30 lei\/ buc)<\/span><\/span>\n<span style=\"color: rgb(0, 0, 0);\">Dulcea\u021b\u0103 din ardei iute &#8211; 200 ml &#8211; 25 lei<\/span>\n<span style=\"color: rgb(0, 0, 0);\">Orange Sweet Chilly cu ardei iute portocaliu, morcov \u0219i p\u0103st\u00e2rnac  \u2013 200 ml &#8211; 25 lei<\/span>\n<span style=\"color: rgb(0, 0, 0);\">Sos pentru br\u00e2nzeturi\/ aripioare picante, din caise \u0219i ardei iute&nbsp; \u2013 100 ml &#8211; 15 lei<\/span>\n<span style=\"color: rgb(0, 0, 0);\">Sos de ro\u0219ii cu ardei copt si busuioc proasp\u0103t &#8211; 320 ml &#8211; 30 lei<\/span>\n<span style=\"color: rgb(0, 0, 0);\">Sos de ro\u0219ii cu ardei copt si oregano s\u0103lbatic \u2013 330 ml &#8211; 30 lei<\/span>\n<span style=\"color:#ff9900;\"><span style=\"color: rgb(0, 0, 0);\">Sos de ro\u0219ii, cu legume (pentru paste, toc\u0103ni\u021be, ciorbe) &#8211; 330 ml &#8211; 30 lei<\/span><\/span><span style=\"color: rgb(0, 0, 0);\"><\/span>\n<span style=\"color: rgb(0, 0, 0);\">Sos de ro\u0219ii cu mere golden \u2013 330 ml &#8211; 25 lei<\/span>\n<span style=\"color: rgb(0, 0, 0);\">Gogo\u0219ar \u00een sos de mu\u0219tar &#8211; 300 ml &#8211; 30 lei<\/span>\n<span style=\"color: rgb(0, 0, 0);\">Gogo\u0219ar \u00een sos de mu\u0219tar &#8211; 400 ml &#8211; 40 lei<\/span>\n\n\n\n\n\n<h2>COMENZI PRIN MESAJ PE WHATSAPP 0761976083<\/h2><br>\n\n\n\n","protected":false},"excerpt":{"rendered":"","protected":false},"author":1,"featured_media":0,"parent":0,"menu_order":0,"comment_status":"closed","ping_status":"closed","template":"template-full.php","meta":{"footnotes":""},"class_list":["post-45","page","type-page","status-publish","hentry"],"yoast_head":"<!-- This site is optimized with the Yoast SEO plugin v27.5 - https:\/\/yoast.com\/product\/yoast-seo-wordpress\/ -->\n<title>Produse - Hran\u0103 curat\u0103 din \u021aara Ha\u021begului<\/title>\n<meta name=\"robots\" content=\"index, follow, max-snippet:-1, max-image-preview:large, max-video-preview:-1\" \/>\n<link rel=\"canonical\" href=\"https:\/\/camaradintotesti.ro\/index.php\/produse\/\" \/>\n<meta property=\"og:locale\" content=\"en_US\" \/>\n<meta property=\"og:type\" content=\"article\" \/>\n<meta property=\"og:title\" content=\"Produse - Hran\u0103 curat\u0103 din \u021aara Ha\u021begului\" \/>\n<meta property=\"og:url\" content=\"https:\/\/camaradintotesti.ro\/index.php\/produse\/\" \/>\n<meta property=\"og:site_name\" content=\"Hran\u0103 curat\u0103 din \u021aara Ha\u021begului\" \/>\n<meta property=\"article:modified_time\" content=\"2026-04-23T08:57:50+00:00\" \/>\n<meta name=\"twitter:card\" content=\"summary_large_image\" \/>\n<script type=\"application\/ld+json\" class=\"yoast-schema-graph\">{\"@context\":\"https:\\\/\\\/schema.org\",\"@graph\":[{\"@type\":\"WebPage\",\"@id\":\"https:\\\/\\\/camaradintotesti.ro\\\/index.php\\\/produse\\\/\",\"url\":\"https:\\\/\\\/camaradintotesti.ro\\\/index.php\\\/produse\\\/\",\"name\":\"Produse - Hran\u0103 curat\u0103 din \u021aara Ha\u021begului\",\"isPartOf\":{\"@id\":\"https:\\\/\\\/camaradintotesti.ro\\\/#website\"},\"datePublished\":\"2022-02-10T13:50:04+00:00\",\"dateModified\":\"2026-04-23T08:57:50+00:00\",\"breadcrumb\":{\"@id\":\"https:\\\/\\\/camaradintotesti.ro\\\/index.php\\\/produse\\\/#breadcrumb\"},\"inLanguage\":\"en-US\",\"potentialAction\":[{\"@type\":\"ReadAction\",\"target\":[\"https:\\\/\\\/camaradintotesti.ro\\\/index.php\\\/produse\\\/\"]}]},{\"@type\":\"BreadcrumbList\",\"@id\":\"https:\\\/\\\/camaradintotesti.ro\\\/index.php\\\/produse\\\/#breadcrumb\",\"itemListElement\":[{\"@type\":\"ListItem\",\"position\":1,\"name\":\"Home\",\"item\":\"https:\\\/\\\/camaradintotesti.ro\\\/\"},{\"@type\":\"ListItem\",\"position\":2,\"name\":\"Produse\"}]},{\"@type\":\"WebSite\",\"@id\":\"https:\\\/\\\/camaradintotesti.ro\\\/#website\",\"url\":\"https:\\\/\\\/camaradintotesti.ro\\\/\",\"name\":\"Hran\u0103 curat\u0103 din \u021aara Ha\u021begului\",\"description\":\"Din mii \u0219i mii de alte locuri \u00een care puteai ajunge, tu e\u0219ti aici. Bine ai venit \u00een \u021aara Ha\u021begului!\",\"potentialAction\":[{\"@type\":\"SearchAction\",\"target\":{\"@type\":\"EntryPoint\",\"urlTemplate\":\"https:\\\/\\\/camaradintotesti.ro\\\/?s={search_term_string}\"},\"query-input\":{\"@type\":\"PropertyValueSpecification\",\"valueRequired\":true,\"valueName\":\"search_term_string\"}}],\"inLanguage\":\"en-US\"}]}<\/script>\n<!-- \/ Yoast SEO plugin. -->","yoast_head_json":{"title":"Produse - Hran\u0103 curat\u0103 din \u021aara Ha\u021begului","robots":{"index":"index","follow":"follow","max-snippet":"max-snippet:-1","max-image-preview":"max-image-preview:large","max-video-preview":"max-video-preview:-1"},"canonical":"https:\/\/camaradintotesti.ro\/index.php\/produse\/","og_locale":"en_US","og_type":"article","og_title":"Produse - Hran\u0103 curat\u0103 din \u021aara Ha\u021begului","og_url":"https:\/\/camaradintotesti.ro\/index.php\/produse\/","og_site_name":"Hran\u0103 curat\u0103 din \u021aara Ha\u021begului","article_modified_time":"2026-04-23T08:57:50+00:00","twitter_card":"summary_large_image","schema":{"@context":"https:\/\/schema.org","@graph":[{"@type":"WebPage","@id":"https:\/\/camaradintotesti.ro\/index.php\/produse\/","url":"https:\/\/camaradintotesti.ro\/index.php\/produse\/","name":"Produse - Hran\u0103 curat\u0103 din \u021aara Ha\u021begului","isPartOf":{"@id":"https:\/\/camaradintotesti.ro\/#website"},"datePublished":"2022-02-10T13:50:04+00:00","dateModified":"2026-04-23T08:57:50+00:00","breadcrumb":{"@id":"https:\/\/camaradintotesti.ro\/index.php\/produse\/#breadcrumb"},"inLanguage":"en-US","potentialAction":[{"@type":"ReadAction","target":["https:\/\/camaradintotesti.ro\/index.php\/produse\/"]}]},{"@type":"BreadcrumbList","@id":"https:\/\/camaradintotesti.ro\/index.php\/produse\/#breadcrumb","itemListElement":[{"@type":"ListItem","position":1,"name":"Home","item":"https:\/\/camaradintotesti.ro\/"},{"@type":"ListItem","position":2,"name":"Produse"}]},{"@type":"WebSite","@id":"https:\/\/camaradintotesti.ro\/#website","url":"https:\/\/camaradintotesti.ro\/","name":"Hran\u0103 curat\u0103 din \u021aara Ha\u021begului","description":"Din mii \u0219i mii de alte locuri \u00een care puteai ajunge, tu e\u0219ti aici. Bine ai venit \u00een \u021aara Ha\u021begului!","potentialAction":[{"@type":"SearchAction","target":{"@type":"EntryPoint","urlTemplate":"https:\/\/camaradintotesti.ro\/?s={search_term_string}"},"query-input":{"@type":"PropertyValueSpecification","valueRequired":true,"valueName":"search_term_string"}}],"inLanguage":"en-US"}]}},"_links":{"self":[{"href":"https:\/\/camaradintotesti.ro\/index.php\/wp-json\/wp\/v2\/pages\/45","targetHints":{"allow":["GET"]}}],"collection":[{"href":"https:\/\/camaradintotesti.ro\/index.php\/wp-json\/wp\/v2\/pages"}],"about":[{"href":"https:\/\/camaradintotesti.ro\/index.php\/wp-json\/wp\/v2\/types\/page"}],"author":[{"embeddable":true,"href":"https:\/\/camaradintotesti.ro\/index.php\/wp-json\/wp\/v2\/users\/1"}],"replies":[{"embeddable":true,"href":"https:\/\/camaradintotesti.ro\/index.php\/wp-json\/wp\/v2\/comments?post=45"}],"version-history":[{"count":183,"href":"https:\/\/camaradintotesti.ro\/index.php\/wp-json\/wp\/v2\/pages\/45\/revisions"}],"predecessor-version":[{"id":444,"href":"https:\/\/camaradintotesti.ro\/index.php\/wp-json\/wp\/v2\/pages\/45\/revisions\/444"}],"wp:attachment":[{"href":"https:\/\/camaradintotesti.ro\/index.php\/wp-json\/wp\/v2\/media?parent=45"}],"curies":[{"name":"wp","href":"https:\/\/api.w.org\/{rel}","templated":true}]}}