{"id":3,"date":"2022-05-05T09:25:58","date_gmt":"2022-05-05T09:25:58","guid":{"rendered":"https:\/\/camaradintotesti.ro\/?page_id=3"},"modified":"2022-05-05T11:42:50","modified_gmt":"2022-05-05T11:42:50","slug":"politica-de-confidentialitate","status":"publish","type":"page","link":"https:\/\/camaradintotesti.ro\/index.php\/politica-de-confidentialitate\/","title":{"rendered":"Politica de confidentialitate"},"content":{"rendered":"\n\n\n\n\n<h3>&nbsp; &nbsp;Politic\u0103 de Confiden\u021bialitate cu privire la prelucrarea datelor cu caracter personal. <\/h3>\n\n\n<h3><br><\/h3>\n\n\n<h3>&nbsp; &nbsp;Consider\u0103m asigurarea dreptului la protec\u021bia datelor cu caracter personal ca un angajament fundamental C\u0103mara din Tote\u0219ti, prin urmare vom dedica toate resursele \u0219i eforturile necesare pentru a prelucra datele dumneavoastr\u0103 \u00een deplin\u0103 concordan\u021b\u0103 cu Regulamentul (UE) 2016\/679 (\u201cRegulamentul general privind protec\u021bia datelor\u201d sau \u201cGDPR\u201d), precum \u0219i cu orice alt\u0103 legisla\u021bie aplicabil\u0103 pe teritoriul Romaniei. \u00centruc\u00e2t unul dintre principiile esen\u021biale ale acestui cadrul legal \u00eel reprezint\u0103 transparen\u021ba, am preg\u0103tit aceast document prin care dorim s\u0103 v\u0103 inform\u0103m despre modul \u00een care colect\u0103m, utiliz\u0103m, transfer\u0103m \u0219i protej\u0103m datele dvs cu caracter personal atunci c\u00e2nd interac\u021biona\u021bi cu noi \u00een leg\u0103tur\u0103 cu produsele \u0219i serviciile noastre, inclusiv prin e-mail sau pe telefonul mobil.\n<\/h3>\n\n\n<h3>&nbsp; &nbsp; Ne rezerv\u0103m dreptul de a actualiza \u0219i modifica periodic aceast\u0103 Politic\u0103 de Confiden\u021bialitate, pentru a reflecta orice modific\u0103ri ale modului \u00een care prelucr\u0103m datele dumneavoastr\u0103 cu caracter personal sau orice modific\u0103ri ale cerin\u021belor legale. \u00cen cazul oric\u0103rei astfel de modific\u0103ri, vom afi\u0219a pe website-ul nostru versiunea modificat\u0103 a Politicii de Confiden\u021bialitate, motiv pentru care va rugam sa verificati periodic continutul acestei Politici de Confidentialitate.\n<\/h3>\n\n\n\n\n\n\n\n<h4>Cine suntem \u0219i cum ne pute\u021bi contacta\n<\/h4>\n\n\n<p>C\u0103mara din Tote\u0219ti &#8211; este denumirea comercial\u0103 a atestatului de produc\u0103tor seria HD nr 0229553, emis pentru Guran Carmen, sat Tote\u0219ti, nr 1A, comuna Tote\u0219ti, jud Hunedoara, la data de 25.06.2021, cu valabilitate de 7 ani de la data emiterii, conform legii.\n\u00centruc\u00e2t suntem \u00eentotdeauna deschi\u0219i s\u0103 afl\u0103m opiniile dumneavoastr\u0103, precum \u0219i s\u0103 v\u0103 furniz\u0103m orice informa\u021bii suplimentare de care a\u021bi putea avea nevoie cu privire la prelucrarea datelor dvs, v\u0103 \u00eencuraj\u0103m s\u0103 contacta\u021bi Responsabilul C\u0103mara din Tote\u0219ti cu protec\u021bia datelor la adresa de e-mail  paula.bora@yahoo.com.\n<\/p><p>\n\n\n<\/p><h4> Ce categorii de date cu caracter personal prelucr\u0103m <\/h4>\n\n\n<p>\u00cen general, colect\u0103m datele dvs. cu caracter personal direct de la dumneavoastr\u0103, astfel \u00eenc\u00e2t ave\u021bi controlul asupra tipului de informa\u021bie pe care ne-o oferi\u021bi. Cu titlul de exemplu, primim informa\u021bii de la dvs. astfel:\n-C\u00e2nd plasa\u021bi o comand\u0103, ne furniza\u021bi informa\u021bii precum: produsul dorit, numele si prenumele, adresa de livrare, metoda de plat\u0103, num\u0103r de telefon etc\n-Putem, de asemenea, s\u0103 colect\u0103m \u0219i s\u0103 prelucr\u0103m ulterior anumite informa\u021bii cu privire la comportamentul dvs \u00een timpul vizit\u0103rii site-ului nostru web pentru a v\u0103 personaliza experien\u021ba online \u0219i a v\u0103 pune la dispozi\u021bie oferte adaptate profilului dvs. V\u0103 invit\u0103m s\u0103 afla\u021bi mai multe detalii \u00een acest sens prin consultarea sec\u021biunii privitoare la scopurile prelucr\u0103rii de mai jos.\n-Pe site-ul nostru web putem stoca \u0219i colecta informa\u021bii in cookie-uri \u0219i tehnologii similare, conform Politicii de cookie-uri.\n-Nu colect\u0103m \u0219i nu prelucr\u0103m \u00een alt mod date sensibile, incluse de Regulamentul general privind protec\u021bia datelor \u00een categorii speciale de date cu caracter personal. \n<\/p>\n\n\n<h4>Care sunt scopurile \u0219i temeiurile prelucr\u0103rii\n <\/h4>\n\n\n<p>Vom utiliza datele dvs. cu caracter personal \u00een urm\u0103toarele scopuri::<br>\na) Pentru prestarea serviciilor C\u0103mara din Tote\u0219ti \u00een beneficiul dvs. Acest scop general poate include, dup\u0103 caz, urm\u0103toarele:<br>\nb) Prelucrarea comenzilor, inclusiv preluarea, validarea, expedierea acestora;:<br>\nc) Solutionarea anul\u0103rilor sau a problemelor de orice natur\u0103 referitoare la o comand\u0103, la bunurile sau serviciile achizi\u021bionate;:<br>\nd) Returnarea produselor conform prevederilor legale;:<br>\ne) Rambursarea contravalorii  produselor conform prevederilor legale;:<br>\nf) Asigurarea serviciilor de suport, inclusiv oferirea de r\u0103spunsuri la \u00eentreb\u0103rile dvs cu privire la comenzile dvs sau la bunurile C\u0103mara din Tote\u0219ti.\nPrelucrarea datelor dvs. pentru aceste scopuri este \u00een cele mai multe cazuri necesar\u0103 pentru onorarea unei comenzi.<br>\ng)Pentru marketing<br>\nVrem s\u0103 v\u0103 \u021binem la curent cu privire la cele mai bune oferte pentru produsele\/serviciile care v\u0103 intereseaz\u0103. \u00cen acest sens, v\u0103 putem trimite orice tip de mesaj (cum ar fi: e-mail\/SMS\/telefonic etc.)  continand informatii generale si tematice, informatii cu privire la produse similare sau complementare cu cele pe care le-ati achizitionat, informatii cu privire la oferte sau promotii. <br>\n\u00cen cele mai multe cazuri, ne \u00eentemeiem comunic\u0103rile de marketing pe consim\u021b\u0103m\u00e2ntul dvs. prealabil. V\u0103 pute\u021bi r\u0103zg\u00e2ndi \u0219i retrage consim\u021b\u0103m\u00e2ntul \u00een orice moment, prin contactarea C\u0103mara din Tote\u0219ti folosind detaliile de contact: paula.bora@yahoo.com sau 0729770111\n \n<\/p>\n\n\n<h4>C\u00e2t timp p\u0103str\u0103m datele dvs. cu caracter personal\n <\/h4>\n\n\n<p>Pute\u021bi s\u0103 ne solicita\u021bi oric\u00e2nd \u0219tergerea anumitor informa\u021bii \u0219i \u0219i vom da curs acestor solicit\u0103ri, sub rezerva p\u0103str\u0103rii anumitor informa\u021bii inclusiv ulterior cererii dumneavoastra, \u00een situa\u021biile \u00een care legisla\u021bia aplicabil\u0103 sau interesele noastre legitime o impun.\n<\/p>\n\n\n<h4>Cui transmitem datele dvs. cu caracter personal\n<\/h4>\n\n\n<p>Putem transmite anumite date cu caracter personal ale dvs., furnizorilor de servicii de curierat, pentru onorarea comenzii;\n\u00cen cazul \u00een care ne revine o obliga\u021bie legal\u0103 sau dac\u0103 este necesar pentru a ne ap\u0103ra un interes legitim, putem de asemenea divulga anumite date cu caracter personal unor autorit\u0103\u021bi publice.\nV\u0103 atragem aten\u0163ia c\u0103 transmiterea informa\u0163iilor prin Internet, \u00een general, sau prin intermediul altor re\u0163ele publice, nu este complet sigur\u0103, exist\u00e2nd riscul ca datele s\u0103 fie v\u0103zute \u015fi utilizate de c\u0103tre ter\u0163e p\u0103r\u0163i neautorizate. Nu putem fi responsabili pentru astfel de vulnerabilit\u0103\u021bi ale unor sisteme care nu sunt sub controlul nostru.\n<\/p>\n\n\n<h4>Ce drepturi ave\u021bi\n<\/h4>\n\n\n<p>Regulamentul general privind protec\u021bia datelor v\u0103 recunoa\u0219te o serie drepturi \u00een leg\u0103tur\u0103 cu datele dvs. cu caracter personal. Pute\u021bi solicita accesul la datele dvs., corectarea oric\u0103ror gre\u0219eli din fi\u0219ierele noastre \u0219i\/sau v\u0103 pute\u021bi opune la prelucrarea datelor dvs. cu caracter personal. De asemenea, v\u0103 pute\u021bi exercita dreptul de a v\u0103 pl\u00e2nge autorit\u0103\u021bii de supraveghere competente sau de a v\u0103 adresa justi\u021biei.<br> Dup\u0103 caz, pute\u021bi beneficia \u0219i de dreptul de a solicita \u0219tergerea datelor dvs. cu caracter personal, dreptul la restric\u021bionarea prelucr\u0103rii datelor dvs. \u0219i dreptul la portabilitatea datelor.<br>\nDurata de r\u0103spuns. Ne propunem s\u0103 r\u0103spundem la orice solicit\u0103ri valide \u00een termen de maximum 30 zile.\nDrepturile ter\u021belor p\u0103r\u021bi. Nu trebuie s\u0103 respect\u0103m o cerere \u00een cazul \u00een care ar afecta \u00een mod negativ drepturile \u0219i libert\u0103\u021bile altor persoane vizate.\n<\/p>\n\n\n<h4>Pl\u00e2ngeri\n<\/h4>\n\n\n<p> Ave\u021bi dreptul s\u0103 depune\u021bi o pl\u00e2ngere la autoritatea de supraveghere cu privire la prelucrarea datelor dvs. cu caracter personal. \u00cen Rom\u00e2nia, datele de contact ale autorit\u0103\u021bii de supraveghere pentru protec\u021bia datelor sunt urm\u0103toarele:<br>\nAutoritatea Na\u021bional\u0103 de Supraveghere a Prelucr\u0103rii Datelor cu Caracter Personal<br>\nB-dul G-ral. Gheorghe Magheru nr. 28-30, Sector 1, cod po\u0219tal 010336, Bucure\u0219ti, Romania<br>\nTelefon: +40.318.059.211 sau +40.318.059.212;<br>\nE-mail:anspdcp@dataprotection.ro<br>\nF\u0103r\u0103 a v\u0103 afecta dreptul dvs de a contacta \u00een orice moment autoritatea de supraveghere, v\u0103 rug\u0103m s\u0103 ne contacta\u021bi \u00een prealabil, \u0219i v\u0103 promitem c\u0103 vom depune toate eforturile necesare pentru a rezolva orice problem\u0103 pe cale amiabil\u0103.    <\/p>\n\n\n","protected":false},"excerpt":{"rendered":"","protected":false},"author":1,"featured_media":0,"parent":0,"menu_order":0,"comment_status":"closed","ping_status":"closed","template":"","meta":{"footnotes":""},"class_list":["post-3","page","type-page","status-publish","hentry"],"yoast_head":"<!-- This site is optimized with the Yoast SEO plugin v27.5 - https:\/\/yoast.com\/product\/yoast-seo-wordpress\/ -->\n<title>Politica de confidentialitate - Hran\u0103 curat\u0103 din \u021aara Ha\u021begului<\/title>\n<meta name=\"robots\" content=\"index, follow, max-snippet:-1, max-image-preview:large, max-video-preview:-1\" \/>\n<link rel=\"canonical\" href=\"https:\/\/camaradintotesti.ro\/index.php\/politica-de-confidentialitate\/\" \/>\n<meta property=\"og:locale\" content=\"en_US\" \/>\n<meta property=\"og:type\" content=\"article\" \/>\n<meta property=\"og:title\" content=\"Politica de confidentialitate - Hran\u0103 curat\u0103 din \u021aara Ha\u021begului\" \/>\n<meta property=\"og:url\" content=\"https:\/\/camaradintotesti.ro\/index.php\/politica-de-confidentialitate\/\" \/>\n<meta property=\"og:site_name\" content=\"Hran\u0103 curat\u0103 din \u021aara Ha\u021begului\" \/>\n<meta property=\"article:modified_time\" content=\"2022-05-05T11:42:50+00:00\" \/>\n<meta name=\"twitter:card\" content=\"summary_large_image\" \/>\n<meta name=\"twitter:label1\" content=\"Est. reading time\" \/>\n\t<meta name=\"twitter:data1\" content=\"5 minutes\" \/>\n<script type=\"application\/ld+json\" class=\"yoast-schema-graph\">{\"@context\":\"https:\\\/\\\/schema.org\",\"@graph\":[{\"@type\":\"WebPage\",\"@id\":\"https:\\\/\\\/camaradintotesti.ro\\\/index.php\\\/politica-de-confidentialitate\\\/\",\"url\":\"https:\\\/\\\/camaradintotesti.ro\\\/index.php\\\/politica-de-confidentialitate\\\/\",\"name\":\"Politica de confidentialitate - Hran\u0103 curat\u0103 din \u021aara Ha\u021begului\",\"isPartOf\":{\"@id\":\"https:\\\/\\\/camaradintotesti.ro\\\/#website\"},\"datePublished\":\"2022-05-05T09:25:58+00:00\",\"dateModified\":\"2022-05-05T11:42:50+00:00\",\"breadcrumb\":{\"@id\":\"https:\\\/\\\/camaradintotesti.ro\\\/index.php\\\/politica-de-confidentialitate\\\/#breadcrumb\"},\"inLanguage\":\"en-US\",\"potentialAction\":[{\"@type\":\"ReadAction\",\"target\":[\"https:\\\/\\\/camaradintotesti.ro\\\/index.php\\\/politica-de-confidentialitate\\\/\"]}]},{\"@type\":\"BreadcrumbList\",\"@id\":\"https:\\\/\\\/camaradintotesti.ro\\\/index.php\\\/politica-de-confidentialitate\\\/#breadcrumb\",\"itemListElement\":[{\"@type\":\"ListItem\",\"position\":1,\"name\":\"Home\",\"item\":\"https:\\\/\\\/camaradintotesti.ro\\\/\"},{\"@type\":\"ListItem\",\"position\":2,\"name\":\"Politica de confidentialitate\"}]},{\"@type\":\"WebSite\",\"@id\":\"https:\\\/\\\/camaradintotesti.ro\\\/#website\",\"url\":\"https:\\\/\\\/camaradintotesti.ro\\\/\",\"name\":\"Hran\u0103 curat\u0103 din \u021aara Ha\u021begului\",\"description\":\"Din mii \u0219i mii de alte locuri \u00een care puteai ajunge, tu e\u0219ti aici. Bine ai venit \u00een \u021aara Ha\u021begului!\",\"potentialAction\":[{\"@type\":\"SearchAction\",\"target\":{\"@type\":\"EntryPoint\",\"urlTemplate\":\"https:\\\/\\\/camaradintotesti.ro\\\/?s={search_term_string}\"},\"query-input\":{\"@type\":\"PropertyValueSpecification\",\"valueRequired\":true,\"valueName\":\"search_term_string\"}}],\"inLanguage\":\"en-US\"}]}<\/script>\n<!-- \/ Yoast SEO plugin. -->","yoast_head_json":{"title":"Politica de confidentialitate - Hran\u0103 curat\u0103 din \u021aara Ha\u021begului","robots":{"index":"index","follow":"follow","max-snippet":"max-snippet:-1","max-image-preview":"max-image-preview:large","max-video-preview":"max-video-preview:-1"},"canonical":"https:\/\/camaradintotesti.ro\/index.php\/politica-de-confidentialitate\/","og_locale":"en_US","og_type":"article","og_title":"Politica de confidentialitate - Hran\u0103 curat\u0103 din \u021aara Ha\u021begului","og_url":"https:\/\/camaradintotesti.ro\/index.php\/politica-de-confidentialitate\/","og_site_name":"Hran\u0103 curat\u0103 din \u021aara Ha\u021begului","article_modified_time":"2022-05-05T11:42:50+00:00","twitter_card":"summary_large_image","twitter_misc":{"Est. reading time":"5 minutes"},"schema":{"@context":"https:\/\/schema.org","@graph":[{"@type":"WebPage","@id":"https:\/\/camaradintotesti.ro\/index.php\/politica-de-confidentialitate\/","url":"https:\/\/camaradintotesti.ro\/index.php\/politica-de-confidentialitate\/","name":"Politica de confidentialitate - Hran\u0103 curat\u0103 din \u021aara Ha\u021begului","isPartOf":{"@id":"https:\/\/camaradintotesti.ro\/#website"},"datePublished":"2022-05-05T09:25:58+00:00","dateModified":"2022-05-05T11:42:50+00:00","breadcrumb":{"@id":"https:\/\/camaradintotesti.ro\/index.php\/politica-de-confidentialitate\/#breadcrumb"},"inLanguage":"en-US","potentialAction":[{"@type":"ReadAction","target":["https:\/\/camaradintotesti.ro\/index.php\/politica-de-confidentialitate\/"]}]},{"@type":"BreadcrumbList","@id":"https:\/\/camaradintotesti.ro\/index.php\/politica-de-confidentialitate\/#breadcrumb","itemListElement":[{"@type":"ListItem","position":1,"name":"Home","item":"https:\/\/camaradintotesti.ro\/"},{"@type":"ListItem","position":2,"name":"Politica de confidentialitate"}]},{"@type":"WebSite","@id":"https:\/\/camaradintotesti.ro\/#website","url":"https:\/\/camaradintotesti.ro\/","name":"Hran\u0103 curat\u0103 din \u021aara Ha\u021begului","description":"Din mii \u0219i mii de alte locuri \u00een care puteai ajunge, tu e\u0219ti aici. Bine ai venit \u00een \u021aara Ha\u021begului!","potentialAction":[{"@type":"SearchAction","target":{"@type":"EntryPoint","urlTemplate":"https:\/\/camaradintotesti.ro\/?s={search_term_string}"},"query-input":{"@type":"PropertyValueSpecification","valueRequired":true,"valueName":"search_term_string"}}],"inLanguage":"en-US"}]}},"_links":{"self":[{"href":"https:\/\/camaradintotesti.ro\/index.php\/wp-json\/wp\/v2\/pages\/3","targetHints":{"allow":["GET"]}}],"collection":[{"href":"https:\/\/camaradintotesti.ro\/index.php\/wp-json\/wp\/v2\/pages"}],"about":[{"href":"https:\/\/camaradintotesti.ro\/index.php\/wp-json\/wp\/v2\/types\/page"}],"author":[{"embeddable":true,"href":"https:\/\/camaradintotesti.ro\/index.php\/wp-json\/wp\/v2\/users\/1"}],"replies":[{"embeddable":true,"href":"https:\/\/camaradintotesti.ro\/index.php\/wp-json\/wp\/v2\/comments?post=3"}],"version-history":[{"count":10,"href":"https:\/\/camaradintotesti.ro\/index.php\/wp-json\/wp\/v2\/pages\/3\/revisions"}],"predecessor-version":[{"id":195,"href":"https:\/\/camaradintotesti.ro\/index.php\/wp-json\/wp\/v2\/pages\/3\/revisions\/195"}],"wp:attachment":[{"href":"https:\/\/camaradintotesti.ro\/index.php\/wp-json\/wp\/v2\/media?parent=3"}],"curies":[{"name":"wp","href":"https:\/\/api.w.org\/{rel}","templated":true}]}}