{"id":2,"date":"2022-02-10T11:00:37","date_gmt":"2022-02-10T11:00:37","guid":{"rendered":"https:\/\/camaradintotesti.ro\/?page_id=2"},"modified":"2022-04-15T11:27:02","modified_gmt":"2022-04-15T11:27:02","slug":"acasa","status":"publish","type":"page","link":"https:\/\/camaradintotesti.ro\/","title":{"rendered":"Acasa la noi"},"content":{"rendered":"\n<p class=\"has-drop-cap\">Din mii \u0219i mii de alte locuri \u00een care puteai ajunge, tu e\u0219ti aici. Bine ai venit \u00een \u021aara Ha\u021begului!<\/p>\n\n\n\n<p>&#8230;iar cum o experien\u021b\u0103 este complet\u0103 abia dup\u0103 ce ai trecut-o prin toate sim\u021burile, te invit\u0103m s\u0103 gu\u0219ti produse f\u0103r\u0103 conservan\u021bi de la poalele Mun\u021bilor Retezat.<br>Dulce\u021buri \u0219i siropuri din flori, din plante aromatice, fructe de livad\u0103 sau din roadele muntelui. Sosuri din ro\u0219ii de gr\u0103din\u0103, aromate cu \u0219ov\u00e2rv, zacusc\u0103 \u00eenv\u00e2rtit\u0103 \u00een ceaun cu lingur\u0103 de lemn v\u00e2n\u0103toreasc\u0103, specialit\u0103\u021bi din ciuperci de p\u0103dure, specialit\u0103\u021bi din ardei iute sau condimente de cas\u0103.<\/p>\n","protected":false},"excerpt":{"rendered":"<p>Din mii \u0219i mii de alte locuri \u00een care puteai ajunge, tu e\u0219ti aici. Bine ai venit \u00een \u021aara Ha\u021begului! &#8230;iar cum o experien\u021b\u0103 este complet\u0103 abia dup\u0103 ce ai trecut-o prin toate sim\u021burile, te invit\u0103m s\u0103 gu\u0219ti produse f\u0103r\u0103 conservan\u021bi de la poalele Mun\u021bilor&nbsp;<a class=\"read-more\" href=\"https:\/\/camaradintotesti.ro\/\">&hellip;<\/a><\/p>\n","protected":false},"author":1,"featured_media":0,"parent":0,"menu_order":0,"comment_status":"closed","ping_status":"closed","template":"template-full.php","meta":{"footnotes":""},"class_list":["post-2","page","type-page","status-publish","hentry"],"yoast_head":"<!-- This site is optimized with the Yoast SEO plugin v27.5 - https:\/\/yoast.com\/product\/yoast-seo-wordpress\/ -->\n<title>Acasa la noi - Hran\u0103 curat\u0103 din \u021aara Ha\u021begului<\/title>\n<meta name=\"robots\" content=\"index, follow, max-snippet:-1, max-image-preview:large, max-video-preview:-1\" \/>\n<link rel=\"canonical\" href=\"https:\/\/camaradintotesti.ro\/\" \/>\n<meta property=\"og:locale\" content=\"en_US\" \/>\n<meta property=\"og:type\" content=\"article\" \/>\n<meta property=\"og:title\" content=\"Acasa la noi - Hran\u0103 curat\u0103 din \u021aara Ha\u021begului\" \/>\n<meta property=\"og:description\" content=\"Din mii \u0219i mii de alte locuri \u00een care puteai ajunge, tu e\u0219ti aici. Bine ai venit \u00een \u021aara Ha\u021begului! &#8230;iar cum o experien\u021b\u0103 este complet\u0103 abia dup\u0103 ce ai trecut-o prin toate sim\u021burile, te invit\u0103m s\u0103 gu\u0219ti produse f\u0103r\u0103 conservan\u021bi de la poalele Mun\u021bilor&nbsp;&hellip;\" \/>\n<meta property=\"og:url\" content=\"https:\/\/camaradintotesti.ro\/\" \/>\n<meta property=\"og:site_name\" content=\"Hran\u0103 curat\u0103 din \u021aara Ha\u021begului\" \/>\n<meta property=\"article:modified_time\" content=\"2022-04-15T11:27:02+00:00\" \/>\n<meta name=\"twitter:card\" content=\"summary_large_image\" \/>\n<meta name=\"twitter:label1\" content=\"Est. reading time\" \/>\n\t<meta name=\"twitter:data1\" content=\"1 minute\" \/>\n<script type=\"application\/ld+json\" class=\"yoast-schema-graph\">{\"@context\":\"https:\\\/\\\/schema.org\",\"@graph\":[{\"@type\":\"WebPage\",\"@id\":\"https:\\\/\\\/camaradintotesti.ro\\\/\",\"url\":\"https:\\\/\\\/camaradintotesti.ro\\\/\",\"name\":\"Acasa la noi - Hran\u0103 curat\u0103 din \u021aara Ha\u021begului\",\"isPartOf\":{\"@id\":\"https:\\\/\\\/camaradintotesti.ro\\\/#website\"},\"datePublished\":\"2022-02-10T11:00:37+00:00\",\"dateModified\":\"2022-04-15T11:27:02+00:00\",\"breadcrumb\":{\"@id\":\"https:\\\/\\\/camaradintotesti.ro\\\/#breadcrumb\"},\"inLanguage\":\"en-US\",\"potentialAction\":[{\"@type\":\"ReadAction\",\"target\":[\"https:\\\/\\\/camaradintotesti.ro\\\/\"]}]},{\"@type\":\"BreadcrumbList\",\"@id\":\"https:\\\/\\\/camaradintotesti.ro\\\/#breadcrumb\",\"itemListElement\":[{\"@type\":\"ListItem\",\"position\":1,\"name\":\"Home\",\"item\":\"https:\\\/\\\/camaradintotesti.ro\\\/\"},{\"@type\":\"ListItem\",\"position\":2,\"name\":\"Acasa la noi\"}]},{\"@type\":\"WebSite\",\"@id\":\"https:\\\/\\\/camaradintotesti.ro\\\/#website\",\"url\":\"https:\\\/\\\/camaradintotesti.ro\\\/\",\"name\":\"Hran\u0103 curat\u0103 din \u021aara Ha\u021begului\",\"description\":\"Din mii \u0219i mii de alte locuri \u00een care puteai ajunge, tu e\u0219ti aici. Bine ai venit \u00een \u021aara Ha\u021begului!\",\"potentialAction\":[{\"@type\":\"SearchAction\",\"target\":{\"@type\":\"EntryPoint\",\"urlTemplate\":\"https:\\\/\\\/camaradintotesti.ro\\\/?s={search_term_string}\"},\"query-input\":{\"@type\":\"PropertyValueSpecification\",\"valueRequired\":true,\"valueName\":\"search_term_string\"}}],\"inLanguage\":\"en-US\"}]}<\/script>\n<!-- \/ Yoast SEO plugin. -->","yoast_head_json":{"title":"Acasa la noi - Hran\u0103 curat\u0103 din \u021aara Ha\u021begului","robots":{"index":"index","follow":"follow","max-snippet":"max-snippet:-1","max-image-preview":"max-image-preview:large","max-video-preview":"max-video-preview:-1"},"canonical":"https:\/\/camaradintotesti.ro\/","og_locale":"en_US","og_type":"article","og_title":"Acasa la noi - Hran\u0103 curat\u0103 din \u021aara Ha\u021begului","og_description":"Din mii \u0219i mii de alte locuri \u00een care puteai ajunge, tu e\u0219ti aici. Bine ai venit \u00een \u021aara Ha\u021begului! &#8230;iar cum o experien\u021b\u0103 este complet\u0103 abia dup\u0103 ce ai trecut-o prin toate sim\u021burile, te invit\u0103m s\u0103 gu\u0219ti produse f\u0103r\u0103 conservan\u021bi de la poalele Mun\u021bilor&nbsp;&hellip;","og_url":"https:\/\/camaradintotesti.ro\/","og_site_name":"Hran\u0103 curat\u0103 din \u021aara Ha\u021begului","article_modified_time":"2022-04-15T11:27:02+00:00","twitter_card":"summary_large_image","twitter_misc":{"Est. reading time":"1 minute"},"schema":{"@context":"https:\/\/schema.org","@graph":[{"@type":"WebPage","@id":"https:\/\/camaradintotesti.ro\/","url":"https:\/\/camaradintotesti.ro\/","name":"Acasa la noi - Hran\u0103 curat\u0103 din \u021aara Ha\u021begului","isPartOf":{"@id":"https:\/\/camaradintotesti.ro\/#website"},"datePublished":"2022-02-10T11:00:37+00:00","dateModified":"2022-04-15T11:27:02+00:00","breadcrumb":{"@id":"https:\/\/camaradintotesti.ro\/#breadcrumb"},"inLanguage":"en-US","potentialAction":[{"@type":"ReadAction","target":["https:\/\/camaradintotesti.ro\/"]}]},{"@type":"BreadcrumbList","@id":"https:\/\/camaradintotesti.ro\/#breadcrumb","itemListElement":[{"@type":"ListItem","position":1,"name":"Home","item":"https:\/\/camaradintotesti.ro\/"},{"@type":"ListItem","position":2,"name":"Acasa la noi"}]},{"@type":"WebSite","@id":"https:\/\/camaradintotesti.ro\/#website","url":"https:\/\/camaradintotesti.ro\/","name":"Hran\u0103 curat\u0103 din \u021aara Ha\u021begului","description":"Din mii \u0219i mii de alte locuri \u00een care puteai ajunge, tu e\u0219ti aici. Bine ai venit \u00een \u021aara Ha\u021begului!","potentialAction":[{"@type":"SearchAction","target":{"@type":"EntryPoint","urlTemplate":"https:\/\/camaradintotesti.ro\/?s={search_term_string}"},"query-input":{"@type":"PropertyValueSpecification","valueRequired":true,"valueName":"search_term_string"}}],"inLanguage":"en-US"}]}},"_links":{"self":[{"href":"https:\/\/camaradintotesti.ro\/index.php\/wp-json\/wp\/v2\/pages\/2","targetHints":{"allow":["GET"]}}],"collection":[{"href":"https:\/\/camaradintotesti.ro\/index.php\/wp-json\/wp\/v2\/pages"}],"about":[{"href":"https:\/\/camaradintotesti.ro\/index.php\/wp-json\/wp\/v2\/types\/page"}],"author":[{"embeddable":true,"href":"https:\/\/camaradintotesti.ro\/index.php\/wp-json\/wp\/v2\/users\/1"}],"replies":[{"embeddable":true,"href":"https:\/\/camaradintotesti.ro\/index.php\/wp-json\/wp\/v2\/comments?post=2"}],"version-history":[{"count":4,"href":"https:\/\/camaradintotesti.ro\/index.php\/wp-json\/wp\/v2\/pages\/2\/revisions"}],"predecessor-version":[{"id":44,"href":"https:\/\/camaradintotesti.ro\/index.php\/wp-json\/wp\/v2\/pages\/2\/revisions\/44"}],"wp:attachment":[{"href":"https:\/\/camaradintotesti.ro\/index.php\/wp-json\/wp\/v2\/media?parent=2"}],"curies":[{"name":"wp","href":"https:\/\/api.w.org\/{rel}","templated":true}]}}