{"id":197,"date":"2022-05-05T11:45:35","date_gmt":"2022-05-05T11:45:35","guid":{"rendered":"https:\/\/camaradintotesti.ro\/?page_id=197"},"modified":"2022-05-05T12:19:30","modified_gmt":"2022-05-05T12:19:30","slug":"politica-de-cookies","status":"publish","type":"page","link":"https:\/\/camaradintotesti.ro\/index.php\/politica-de-cookies\/","title":{"rendered":"Politica de Cookies"},"content":{"rendered":"\n\n\n<h4> 1. Politica de utilizare cookie-uri \u0219i tehnologii similare <\/h4>\n<p>Aceast\u0103 politic\u0103 se refer\u0103 la cookie-urile \u0219i la tehnologiile similare folosite, dup\u0103 caz, \u00een website-ul nostru www.camaradintotesti.ro<br>\nCookie-urile sunt folosite pentru urm\u0103toarele scopuri:<br>\n\u2022 de func\u021bionare a site-ului,<br>\n\u2022 de analiz\u0103 a comportamentului vizitatorilor site-ului,<br>\n\u2022 pentru publicitate.<br>\nAceast\u0103 politic\u0103 se completeaz\u0103 cu politica C\u0103mara din Tote\u0219ti cu privire la protec\u021bia datelor personale \u00een general pe care o pute\u021bi g\u0103si <a href=\"https:\/\/camaradintotesti.ro\/index.php\/politica-de-confidentialitate\/\" target=\"blank\" rel=\"noopener\">aici<\/a> \u0219i cu Termenii \u0219i Condi\u021biile site-ului pe care le pute\u021bi g\u0103si <a href=\"https:\/\/camaradintotesti.ro\/index.php\/termeni-si-conditii\/\">aici<\/a> pe care v\u0103 \u00eencuraj\u0103m s\u0103 le citi\u021bi, acestea incluz\u00e2nd informa\u021bii suplimentare utile, inclusiv cu privire la responsabilul C\u0103mara din Tote\u0219ti pentru protec\u021bia datelor personale, toate scopurile prelucr\u0103rilor de date de c\u0103tre C\u0103mara din Tote\u0219ti, drepturile dumneavoastr\u0103, precum \u0219i excep\u021biile \u0219i limitele acestora etc.<br>\nProtec\u021bia corespunz\u0103toare a datelor cu caracter personal este un obiectiv important pentru C\u0103mara din Tote\u0219ti. Dorin\u021ba noastr\u0103 este s\u0103 fim c\u00e2t mai clari \u0219i transparen\u021bi cu privire la abordarea \u00een materie. Pentru orice \u00eentrebare, v\u0103 rug\u0103m s\u0103 ne contacta\u021bi la paula.bora@yahoo.com .\n<\/p>\n<h4> 2. Ce sunt cookie-urile?\n <\/h4>\n<p>Cookie-ul este un fi\u0219ier de mici dimensiuni, format din litere \u0219i numere, care va fi stocat pe computerul, terminalul mobil sau alte echipamente ale unui utilizator de pe care se acceseaz\u0103 internetul. Cookie-ul este instalat prin solicitarea emis\u0103 de c\u0103tre terminalul utilizatorului c\u0103tre un server.\n\n<\/p>\n<h4> 3. La ce sunt folosite cookie-urile?\n\n <\/h4>\n<p>Aceste fi\u0219iere fac posibil\u0103 \u00een principal recunoa\u0219terea terminalului utilizatorului \u0219i prezentarea con\u021binutului \u00eentr-un mod relevant, adaptat preferin\u021belor utilizatorului.<br>\nCookie-urile asigur\u0103 utilizatorilor o experien\u021b\u0103 pl\u0103cut\u0103 de navigare \u0219i sus\u021bin eforturile C\u0103mara din Tote\u0219ti  pentru a oferi servicii mai adaptate utilizatorilor, ex: \u2013 preferin\u021bele \u00een materie de confiden\u021bialitate online, publicitate relevant\u0103. De asemenea, sunt utilizate \u00een preg\u0103tirea unor statistici anonime agregate care ne ajut\u0103 s\u0103 \u00een\u021belegem cum un utilizator beneficiaz\u0103 de paginile noastre de internet, permi\u021b\u00e2ndu-ne \u00eembun\u0103t\u0103\u021birea structurii \u0219i con\u021binutului lor, f\u0103r\u0103 a permite identificarea personal\u0103 a utilizatorului.\n\n<\/p>\n<h4> 4. Ce cookie-uri folosim?\n\n\n <\/h4>\n<p>Folosim dou\u0103 tipuri de cookie-uri: per sesiune \u0219i fixe. Cookie-urile per sesiune sunt fi\u0219iere temporare ce r\u0103m\u00e2n \u00een terminalul utilizatorului p\u00e2n\u0103 la terminarea sesiunii sau \u00eenchiderea aplica\u021biei. Cookie-urile fixe r\u0103m\u00e2n pe terminalul utilizatorului pe o perioad\u0103 determinat\u0103 de parametrii cookie-ului sau p\u00e2n\u0103 sunt \u0219terse manual de utilizator.\n\n<\/p>\n<h4> 5. Cum sunt folosite cookie-urile de c\u0103tre acest site?\n\n\n\n <\/h4>\n<p>O vizit\u0103 pe acest site poate plasa urm\u0103toarele tipuri de cookie-uri:<br>\n\u2022 cookie-uri strict necesare pentru func\u021bionarea site-ului<br>\n\u2022 cookie-uri de analiz\u0103<br>\n\u2022 cookie-uri pentru publicitate<br>\nCookie-urile \u0219i\/sau tehnologiile similare strict necesare sunt esen\u021biale pentru buna func\u021bionare a site-ului, fiind setate pe dispozitivul dumneavoastr\u0103 la accesarea site-ului sau \u00een urma ac\u021biunilor efectuate \u00een site, dup\u0103 caz. Pute\u021bi seta browser-ul dumneavoastr\u0103 pentru a bloca cookie-urile, \u00eens\u0103 \u00een acest caz anumite sec\u021biuni ale site-ului nu vor func\u021biona corect.\n\n<\/p>\n<h4> 6. Con\u021bin cookie-urile sau tehnologiile similare date personale?\n\n\n\n\n <\/h4>\n<p>Cookie-urile sau tehnologiile similare \u00een sine nu solicit\u0103 informa\u021bii cu caracter personal pentru a putea fi utilizate \u0219i, \u00een multe cazuri, nici nu identific\u0103 personal utilizatorii de internet. Exist\u0103 \u00eens\u0103 situa\u021bii c\u00e2nd datele personale pot fi colectate prin utilizarea cookie-urilor pentru a facilita anumite func\u021bionalit\u0103\u021bi pentru utilizator sau pentru a oferi utilizatorului o experien\u021b\u0103 mai adaptat\u0103 preferin\u021belor sale. Astfel de date sunt criptate \u00eentr-un mod care face imposibil accesul persoanelor neautorizate la ele.<br>\nCe sunt tehnologiile similare?<br>\nExist\u0103 alte tehnologii care pot fi utilizate \u00een acelea\u0219i scopuri precum cookie-urile.\n<\/p>\n<h4> 7. Blocare cookie-uri\n\n\n\n\n\n <\/h4>\n<p>\u00cen cazul \u00een care dori\u021bi sa bloca\u021bi cookie-urile, unele func\u021bionalit\u0103\u021bi ale site\u2011ului vor fi oprite, iar acest lucru poate genera anumite disfunc\u021bionalit\u0103\u021bi sau erori \u00een folosirea site-ului. <br>\n\u00cen cazul \u00een care dore\u0219ti s\u0103 blochezi cookie-urile, urmeaz\u0103 instruc\u021biunile browserului pe care \u00eel folose\u0219ti, din zona de set\u0103ri.\n\n<\/p>\n<h4>8. Administrarea preferin\u021belor cu privire la plasarea de cookie-uri\n\n\n\n\n\n\n <\/h4>\n<p>\u00cen general, o aplica\u021bie folosit\u0103 pentru accesarea paginilor web permite salvarea cookie-urilor \u0219i\/sau a tehnologiilor similare pe terminal \u00een mod implicit. Aceste set\u0103ri pot fi schimbate \u00een a\u0219a fel \u00eenc\u00e2t administrarea automat\u0103 a cookie-urilor s\u0103 fie blocat\u0103 de browser-ul web sau utilizatorul s\u0103 fie informat de fiecare dat\u0103 c\u00e2nd cookie-uri sunt trimise c\u0103tre terminalul s\u0103u.\n\n<\/p>\n<h4>9. Securitate \u0219i aspecte legate de confiden\u021bialitate\n\n <\/h4>\n<p>\u00cen general browserele au integrate set\u0103ri de confiden\u021bialitate care furnizeaz\u0103 diferite niveluri de acceptare a cookie-urilor, perioada de valabilitate \u0219i \u0219tergere automat\u0103 dup\u0103 ce utilizatorul a vizitat un anumit site.<br>\nAlte aspecte de securitate legate de cookie-uri:.<br>\n\n\u2022 Particularizarea set\u0103rilor browserului \u00een ceea ce prive\u0219te cookie-urile pentru a reflecta un nivel confortabil pentru dumneavoastr\u0103 al securit\u0103\u021bii utiliz\u0103rii cookie-urilor..<br>\n\u2022 Dac\u0103 sunte\u021bi singura persoan\u0103 care utilizeaz\u0103 computerul, pute\u021bi seta, dac\u0103 dori\u021bi, termene lungi de expirare pentru stocarea istoricului de navigare \u0219i a datelor personale de acces..<br>\n\u2022 Dac\u0103 \u00eemp\u0103r\u021bi\u021bi accesul la calculator, pute\u021bi lua \u00een considerare setarea browserului pentru a \u0219terge datele individuale de navigare de fiecare dat\u0103 c\u00e2nd \u00eenchide\u021bi browserul. Aceasta este o variant\u0103 de a accesa site-urile care plaseaz\u0103 cookie-uri \u0219i de a \u0219terge orice informa\u021bie de vizitare la \u00eenchiderea sesiunii de navigare.\n\n<\/p>\n<h4>10. Linkuri \u0219i informa\u021bii suplimentare utile\n\n\n <\/h4>\n<p> Dac\u0103 dori\u021bi s\u0103 afla\u021bi mai multe informa\u021bii despre cookie-uri \u0219i la ce sunt utilizate, recomand\u0103m linkul:<br>\n<blockquote class=\"wp-embedded-content\" data-secret=\"ed0hjnaF8R\"><a href=\"http:\/\/www.youronlinechoices.com\/ro\/\">Acasa<\/a><\/blockquote><iframe loading=\"lazy\" class=\"wp-embedded-content\" sandbox=\"allow-scripts\" security=\"restricted\" style=\"position: absolute; clip: rect(1px, 1px, 1px, 1px);\" title=\"&#8220;Acasa&#8221; &#8212; YourOnlineChoices RO\" src=\"http:\/\/www.youronlinechoices.com\/ro\/embed#?secret=iHLAianEpd#?secret=ed0hjnaF8R\" data-secret=\"ed0hjnaF8R\" width=\"600\" height=\"338\" frameborder=\"0\" marginwidth=\"0\" marginheight=\"0\" scrolling=\"no\"><\/iframe>\nC\u0103mara din Tote\u0219ti folose\u0219te serviciile urm\u0103toarelor ter\u021be p\u0103r\u021bi \u00een scopul oferirii de func\u021bionalit\u0103\u021bi, pentru analiz\u0103 \u0219i pentru publicitate. <br>\nPentru mai multe detalii, consulta\u021bi politicile de protec\u021bie a datelor precum \u0219i ghidurile de administrare a preferin\u021belor utilizatorilor \u0219i posibilit\u0103\u021bile de dezactivare oferite de companiile care gestioneaz\u0103 aceste servicii, dup\u0103 caz.<br>\nGoogle Analytics<br>\nCategorie: Analiz\u0103<br>\nScop: Web analytics<br>\nPolitici: <br>https:\/\/www.google.com\/analytics\/terms\/gb.html, <br>https:\/\/support.google.com\/analytics\/answer\/6004245<br>\n\nGoogle AdWords<br>\nCategorie: Publicitate<br>\nScop: Remarketing<br>\nPolitici: <br>https:\/\/policies.google.com\/privacy, <br>https:\/\/policies.google.com\/technologies\/ads\n<\/p>\n\n\n","protected":false},"excerpt":{"rendered":"","protected":false},"author":1,"featured_media":0,"parent":0,"menu_order":0,"comment_status":"closed","ping_status":"closed","template":"","meta":{"footnotes":""},"class_list":["post-197","page","type-page","status-publish","hentry"],"yoast_head":"<!-- This site is optimized with the Yoast SEO plugin v27.5 - https:\/\/yoast.com\/product\/yoast-seo-wordpress\/ -->\n<title>Politica de Cookies - Hran\u0103 curat\u0103 din \u021aara Ha\u021begului<\/title>\n<meta name=\"robots\" content=\"index, follow, max-snippet:-1, max-image-preview:large, max-video-preview:-1\" \/>\n<link rel=\"canonical\" href=\"https:\/\/camaradintotesti.ro\/index.php\/politica-de-cookies\/\" \/>\n<meta property=\"og:locale\" content=\"en_US\" \/>\n<meta property=\"og:type\" content=\"article\" \/>\n<meta property=\"og:title\" content=\"Politica de Cookies - Hran\u0103 curat\u0103 din \u021aara Ha\u021begului\" \/>\n<meta property=\"og:url\" content=\"https:\/\/camaradintotesti.ro\/index.php\/politica-de-cookies\/\" \/>\n<meta property=\"og:site_name\" content=\"Hran\u0103 curat\u0103 din \u021aara Ha\u021begului\" \/>\n<meta property=\"article:modified_time\" content=\"2022-05-05T12:19:30+00:00\" \/>\n<meta name=\"twitter:card\" content=\"summary_large_image\" \/>\n<script type=\"application\/ld+json\" class=\"yoast-schema-graph\">{\"@context\":\"https:\\\/\\\/schema.org\",\"@graph\":[{\"@type\":\"WebPage\",\"@id\":\"https:\\\/\\\/camaradintotesti.ro\\\/index.php\\\/politica-de-cookies\\\/\",\"url\":\"https:\\\/\\\/camaradintotesti.ro\\\/index.php\\\/politica-de-cookies\\\/\",\"name\":\"Politica de Cookies - Hran\u0103 curat\u0103 din \u021aara Ha\u021begului\",\"isPartOf\":{\"@id\":\"https:\\\/\\\/camaradintotesti.ro\\\/#website\"},\"datePublished\":\"2022-05-05T11:45:35+00:00\",\"dateModified\":\"2022-05-05T12:19:30+00:00\",\"breadcrumb\":{\"@id\":\"https:\\\/\\\/camaradintotesti.ro\\\/index.php\\\/politica-de-cookies\\\/#breadcrumb\"},\"inLanguage\":\"en-US\",\"potentialAction\":[{\"@type\":\"ReadAction\",\"target\":[\"https:\\\/\\\/camaradintotesti.ro\\\/index.php\\\/politica-de-cookies\\\/\"]}]},{\"@type\":\"BreadcrumbList\",\"@id\":\"https:\\\/\\\/camaradintotesti.ro\\\/index.php\\\/politica-de-cookies\\\/#breadcrumb\",\"itemListElement\":[{\"@type\":\"ListItem\",\"position\":1,\"name\":\"Home\",\"item\":\"https:\\\/\\\/camaradintotesti.ro\\\/\"},{\"@type\":\"ListItem\",\"position\":2,\"name\":\"Politica de Cookies\"}]},{\"@type\":\"WebSite\",\"@id\":\"https:\\\/\\\/camaradintotesti.ro\\\/#website\",\"url\":\"https:\\\/\\\/camaradintotesti.ro\\\/\",\"name\":\"Hran\u0103 curat\u0103 din \u021aara Ha\u021begului\",\"description\":\"Din mii \u0219i mii de alte locuri \u00een care puteai ajunge, tu e\u0219ti aici. Bine ai venit \u00een \u021aara Ha\u021begului!\",\"potentialAction\":[{\"@type\":\"SearchAction\",\"target\":{\"@type\":\"EntryPoint\",\"urlTemplate\":\"https:\\\/\\\/camaradintotesti.ro\\\/?s={search_term_string}\"},\"query-input\":{\"@type\":\"PropertyValueSpecification\",\"valueRequired\":true,\"valueName\":\"search_term_string\"}}],\"inLanguage\":\"en-US\"}]}<\/script>\n<!-- \/ Yoast SEO plugin. -->","yoast_head_json":{"title":"Politica de Cookies - Hran\u0103 curat\u0103 din \u021aara Ha\u021begului","robots":{"index":"index","follow":"follow","max-snippet":"max-snippet:-1","max-image-preview":"max-image-preview:large","max-video-preview":"max-video-preview:-1"},"canonical":"https:\/\/camaradintotesti.ro\/index.php\/politica-de-cookies\/","og_locale":"en_US","og_type":"article","og_title":"Politica de Cookies - Hran\u0103 curat\u0103 din \u021aara Ha\u021begului","og_url":"https:\/\/camaradintotesti.ro\/index.php\/politica-de-cookies\/","og_site_name":"Hran\u0103 curat\u0103 din \u021aara Ha\u021begului","article_modified_time":"2022-05-05T12:19:30+00:00","twitter_card":"summary_large_image","schema":{"@context":"https:\/\/schema.org","@graph":[{"@type":"WebPage","@id":"https:\/\/camaradintotesti.ro\/index.php\/politica-de-cookies\/","url":"https:\/\/camaradintotesti.ro\/index.php\/politica-de-cookies\/","name":"Politica de Cookies - Hran\u0103 curat\u0103 din \u021aara Ha\u021begului","isPartOf":{"@id":"https:\/\/camaradintotesti.ro\/#website"},"datePublished":"2022-05-05T11:45:35+00:00","dateModified":"2022-05-05T12:19:30+00:00","breadcrumb":{"@id":"https:\/\/camaradintotesti.ro\/index.php\/politica-de-cookies\/#breadcrumb"},"inLanguage":"en-US","potentialAction":[{"@type":"ReadAction","target":["https:\/\/camaradintotesti.ro\/index.php\/politica-de-cookies\/"]}]},{"@type":"BreadcrumbList","@id":"https:\/\/camaradintotesti.ro\/index.php\/politica-de-cookies\/#breadcrumb","itemListElement":[{"@type":"ListItem","position":1,"name":"Home","item":"https:\/\/camaradintotesti.ro\/"},{"@type":"ListItem","position":2,"name":"Politica de Cookies"}]},{"@type":"WebSite","@id":"https:\/\/camaradintotesti.ro\/#website","url":"https:\/\/camaradintotesti.ro\/","name":"Hran\u0103 curat\u0103 din \u021aara Ha\u021begului","description":"Din mii \u0219i mii de alte locuri \u00een care puteai ajunge, tu e\u0219ti aici. Bine ai venit \u00een \u021aara Ha\u021begului!","potentialAction":[{"@type":"SearchAction","target":{"@type":"EntryPoint","urlTemplate":"https:\/\/camaradintotesti.ro\/?s={search_term_string}"},"query-input":{"@type":"PropertyValueSpecification","valueRequired":true,"valueName":"search_term_string"}}],"inLanguage":"en-US"}]}},"_links":{"self":[{"href":"https:\/\/camaradintotesti.ro\/index.php\/wp-json\/wp\/v2\/pages\/197","targetHints":{"allow":["GET"]}}],"collection":[{"href":"https:\/\/camaradintotesti.ro\/index.php\/wp-json\/wp\/v2\/pages"}],"about":[{"href":"https:\/\/camaradintotesti.ro\/index.php\/wp-json\/wp\/v2\/types\/page"}],"author":[{"embeddable":true,"href":"https:\/\/camaradintotesti.ro\/index.php\/wp-json\/wp\/v2\/users\/1"}],"replies":[{"embeddable":true,"href":"https:\/\/camaradintotesti.ro\/index.php\/wp-json\/wp\/v2\/comments?post=197"}],"version-history":[{"count":14,"href":"https:\/\/camaradintotesti.ro\/index.php\/wp-json\/wp\/v2\/pages\/197\/revisions"}],"predecessor-version":[{"id":218,"href":"https:\/\/camaradintotesti.ro\/index.php\/wp-json\/wp\/v2\/pages\/197\/revisions\/218"}],"wp:attachment":[{"href":"https:\/\/camaradintotesti.ro\/index.php\/wp-json\/wp\/v2\/media?parent=197"}],"curies":[{"name":"wp","href":"https:\/\/api.w.org\/{rel}","templated":true}]}}