{"id":179,"date":"2022-05-05T10:19:37","date_gmt":"2022-05-05T10:19:37","guid":{"rendered":"https:\/\/camaradintotesti.ro\/?page_id=179"},"modified":"2022-05-05T11:58:51","modified_gmt":"2022-05-05T11:58:51","slug":"termeni-si-conditii","status":"publish","type":"page","link":"https:\/\/camaradintotesti.ro\/index.php\/termeni-si-conditii\/","title":{"rendered":"Termeni si conditii"},"content":{"rendered":"\n\n\n<h4>1. DEFINI\u021aII \u0218I TERMENI\n<\/h4>\n<p>C\u0103mara din Tote\u0219ti &#8211; este denumirea comercial\u0103 a atestatului de produc\u0103tor seria HD nr 0229553, emis pentru Guran Carmen, sat Tote\u0219ti, nr 1A, comuna Tote\u0219ti, jud Hunedoara, la data de 25.06.2021, cu valabilitate de 7 ani de la data emiterii, conform legii. <br>\nClient \u2013 poate fi orice persoana fizica care are varsta peste 16 ani \u0219i care are sau obtine acces la continut, prin orice mijloc de comunicare pus la dispozitie de catre C\u0103mara din Tote\u0219ti (electronic, telefonic, etc)<br>\nSite \u2013 paginile de prezentare \u0219i informare gazduite la adresa web www.camaradintotesti.ro<br>\nComanda \u2013 nu se poate face prin intermediul site-ului, acesta av\u00e2nd strict scop de prezentare \u0219i informare. Comanda intervine \u00een urma comunic\u0103rii directe dintre C\u0103mara din Tote\u0219ti \u0219i client, prin po\u0219ta electronic\u0103 sau telefon.<br>\nBunuri si Servicii \u2013 orice produs sau serviciu listat pe Site \u0219i care urmeaza a fi furnizate clientului de catre C\u0103mara din Tote\u0219ti, ca urmare a comunic\u0103rii directe prin po\u0219ta electronic\u0103 sau telefon.<br>\nContinut \u2013 reprezinta:<br>\n\u2013 toate informatiile de pe Site care pot fi vizitate, vizualizate sau altfel accesate prin utilizarea unui echipament electronic;<br>\n\u2013 continutul oricarui mesaj trimis clientului de catre C\u0103mara din Tote\u0219ti prin mijloace electronice si\/sau orice alt mijloc de comunicare disponibil;<br>\n\u2013 informatii legate de Bunurile si\/sau Serviciile si\/sau tarifele practicate de C\u0103mara din Tote\u0219ti intr-o anumita perioada;<br>\n\u2013 date referitoare la C\u0103mara din Tote\u0219ti, sau alte date privilegiate ale acestuia.<br>\nComunicari Comerciale \u2013 orice tip de mesaj trimis (cum ar fi: e-mail\/SMS\/telefonic etc.)  continand informatii generale si tematice, informatii cu privire la produse similare sau complementare cu cele pe care le-ati achizitionat, informatii cu privire la oferte sau promotii, informatii referitoare la Bunuri si Servicii adaugate pe pagina de prezentare, precum si alte comunicari comerciale cum ar fi cercetari de piata si sondaje de opinie.<br>\n<p>\n<h4> 2. POLITICA DE COMUNICARE \u0218I V\u00c2NZARE\n<\/h4>\n<p>Prin contactarea C\u0103mara din Tote\u0219ti clientul este de acord cu modalitatea de comunicare (telefon\/ e-mail etc)<br>\nMesajul primit de c\u0103tre C\u0103mara din Tote\u0219ti prin e-mail sau telefon nu reprezint\u0103 acceptarea comenzii. Aceasta se face dup\u0103 confirmarea de c\u0103tre C\u0103mara din Tote\u0219ti a disponibilit\u0103\u021bii produselor \u00een cantit\u0103\u021bile cerute. <br>\nAccesul in vederea efectuarii unei Comenzii ii este permis oricarui client. Pentru motive justificate C\u0103mara din Tote\u0219ti isi rezerva dreptul de a restrictiona accesul clientului in vederea efectuarii unei Comenzi si\/sau la unele din modalitatile de plata acceptate, in cazul in care considera ca in baza conduitei sau a activitatii lui pe Site, actiunile acestuia ar putea prejudicia in vreun fel C\u0103mara din Tote\u0219ti. In oricare dintre aceste cazuri, clientul se poate adresa reprezentantului de comunicare C\u0103mara din Tote\u0219ti, pentru a fi informat cu privire la motivele care au condus la aplicarea masurilor sus mentionate.<br>\nComunicarea cu C\u0103mara din Tote\u0219ti se poate realiza prin interactiunea directa cu acesta sau prin adresele mentionate la sectiunea \u201ccontact\u201d din Site. C\u0103mara din Tote\u0219ti are libertatea de a gestiona informatiile primite fara a fi nevoit sa aduca justificari pentru aceasta.<br>\nC\u0103mara din Tote\u0219ti poate publica pe Site informatii despre Bunuri si\/sau Servicii si\/sau promotii practicate de catre acesta sau de catre oricare alt tert cu care C\u0103mara din Tote\u0219ti are incheiate contracte de parteneriat, intr-o anumita perioada de timp si in limita stocului disponibil. <br>\nToate tarifele aferente Bunurilor si\/sau Serviciilor prezentate pe Site sunt exprimate in lei (RON).<br>\nIn cazul transefului online C\u0103mara din Tote\u0219ti nu este\/nu poate fi facut responsabil pentru niciun alt cost suplimentar suportat de Client, incluzand dar nelimitandu-se la comisioane de conversie valutara aplicate de catre banca emitenta a cardului acestuia, in cazul in care moneda de emitere a acestuia difera de RON. Responsabilitatea pentru aceasta actiune o poarta numai Clientul.<br>\nToate informatiile folosite pentru descrierea Bunurilor si\/sau a Serviciilor disponibile pe Site (imagini statice \/ dinamice \/ prezentari multimedia \/ etc.) nu reprezinta o obligatie contractuala din partea C\u0103mara din Tote\u0219ti, acestea fiind utilizate exclusiv cu titlu de prezentare.<br>\nDupa 14 (paisprezece) zile de la achizitionarea unui Bun sau Serviciu, Clientului i se poate solicita transmiterea unei Recenzii legate de Bunul sau Serviciul achizitionat. Solicitarea va fi transmisa catre adresa de email sau num\u0103rul de telefon folosite pentru comunic\u0103rile anterioare. In acest fel, Clientul contribuie la informarea altor posibili vizitatori de pe Site.\n<p>\n<h4> 3. DREPTURI DE PROPRIETATE INTELECTUAL\u0102 SAU INDUSTRIAL\u0102\n\n<\/h4>\n<p>Continutul, astfel cum este definit in preambul, incluzand dar nelimitandu-se la logo-uri, reprezentari stilizate, simboluri comerciale, imagini statice, imagini dinamice, text si\/sau continut multimedia prezentate pe Site, sunt proprietatea exclusiva a C\u0103mara din Tote\u0219ti, acestuia fiindu-i rezervate toate drepturile obtinute in acest sens in mod direct sau indirect (prin licente de utilizare si\/sau publicare).<br>\nClientului\/Cumparatorului\/Utilizatorului nu ii este permisa copierea, distribuirea, publicarea, transferul catre terte parti, modificarea si\/sau altfel alterarea, utilizarea, legarea la, expunerea, includerea oricarui Continut in orice alt context decat cel original intentionat de C\u0103mara din Tote\u0219ti, includerea oricarui Continut in afara Site-ului, indepartarea insemnelor care semnifica dreptul de autor al C\u0103mara din Tote\u0219ti asupra Continutului precum si participarea la transferul, vanzarea, distributia unor materiale realizate prin reproducerea, modificarea sau afisarea Continutului, decat cu acordul scris expres al C\u0103mara din Tote\u0219ti.<br>\nOrice Continut la care Clientul\/Cumparatorul\/Utilizatorul are si\/sau obtine acces prin orice mijloc, se afla sub incidenta acestui documentul, in cazul in care Continutul nu este insotit de un acord de utilizare specific si valid incheiat intre C\u0103mara din Tote\u0219ti si acesta, si fara nicio garantie implicit sau expres formulata din partea C\u0103mara din Tote\u0219ti cu referire la acel Continut.<br>\nClientul\/Cumparatorul\/Utilizatorul poate copia, transfera si\/sau utiliza Continut numai in scopuri personale sau non-comerciale, numai in cazul in care acestea nu intra in conflict cu prevederile acestui document.<br>\nEste interzisa orice utilizare a Continutului in alte scopuri decat cele permise expres prin prezentul Document sau de acordul de utilizare care il insoteste, in cazul in care acesta exista.\n<p>\n<h4>4. COMANDA\n <\/h4>\n<p>Clientul poate efectua comanda doar prin telefon, e-mail sau direct la adresa fizic\u0103, aceste informa\u021bii fiind disponibile la pagina de contact.<br>\nPrin comunicarea Comenzii Clientul consimte ca toate datele furnizate de acesta, necesare procesului de cumparare, sunt corecte, complete si adevarate la data plasarii Comenzii.<br>\nPrin comunicarea Comenzii, Cumparatorul consimte ca Vanzatorul poate sa il contacteze, prin orice mijloc disponibil \/ agreat de Vanzator, in orice situatie in care este necesara contactarea Cumparatorului.<br>\nVanzatorul poate anula Comanda efectuata de catre Client, in urma unei notificari prealabile adresate acestuia, fara nicio obligatie ulterioara a vreunei parti fata de cealalta sau fara ca vreo parte sa poata sa pretinda celeilalte daune-interese dac\u0103 datele furnizate de catre Client\/Cumparator sunt incomplete si\/sau incorecte;<br>\nClientul are dreptul sa returneze un Bun sau sa renun\u021be la un Serviciu, \u00een termen de 14 zile calendaristice, fara invocarea niciunui motiv si fara a suporta alte costuri dec\u00e2t cele de livrare. Astfel, potrivit OUG nr 34\/2014, perioada de returnare a unui Bun sau renun\u021bare la un Serviciu expir\u0103 \u00een termen de 14 zile de la:<br>\n\u2013 ziua \u00een care Clientul intr\u0103 \u00een posesia fizic\u0103 a ultimului Bun \u2013 \u00een cazul \u00een care Clientul comand\u0103 printr-o singur\u0103 comand\u0103 produse multiple care vor fi livrate separat<br>\n\u2013 ziua \u00een care Clientul intr\u0103 \u00een posesia fizic\u0103 a ultimului Bun sau a ultimei piese \u2013 \u00een cazul livr\u0103rii unui produs care const\u0103 din mai multe loturi sau piese<br>\nIn cazul in care Clientul decide sa returneze comanda sau elemente din comand\u0103, acesta va putea trimite online o cerere de retur la adresa paula.bora@yahoo.com<br>\nIn cazul in care Clientul\/Cumparatorul solicita returnarea comenzii sau elemente din comand\u0103, in cadrul termenului legal de retragere din contract, trebuie sa returneze si eventualele cadouri care au insotit produsul respectiv. In cazul in care Comanda este achitata, Vanzatorul va rambursa suma in maxim 14 (paisprezece) zile de la data informarii Vanzatorului de catre Cumparator asupra deciziei sale de retragere din Contract. Suma va fi returnata prin transfer bancar sau \u00een numerar.<br>\nVanzatorul va putea amana rambursarea sumei pana la primirea Bunurilor vandute sau pana la primirea unei dovezi conform careia acestea au fost expediate, in cazul in care nu s-a oferit sa recupereze el insusi Bunurile (se va lua data cea mai recenta).<br>\nIn cazul in care un Bun si\/sau Serviciu comandat de catre Cumparator, nu poate fi livrat de catre Vanzator, acesta din urma va informa Clientul\/Cumparatorul asupra acestui fapt si va returna in contul Cumparatorului contravaloarea Bunului si\/sau Serviciului, in termen de maxim 7 (sapte) zile de la data la care Vanzatorul a luat la cunostinta acest fapt sau de la data la care Cumparatorul si-a exprimat in mod expres intentia de anulare a comenzii.<br>\nDisponibilitatea unui Bun va fi comunicat\u0103 direct prin e-mail, telefon, verbal (la adres\u0103).\n<p>\n<h4> 5. BUNURI\/SERVICII PENTRU CARE NU SE ASIGURA DREPTUL DE RETRAGERE\n <\/h4>\n<p>Sunt exceptate de la dreptul de retragere din Contract urm\u0103toarele:<br>\n-furnizarea de Bunuri confec\u0163ionate dup\u0103 specifica\u0163iile prezentate de Cumparator sau personalizate \u00een mod clar;<br>\n-furnizarea de Bunuri care sunt susceptibile a se deteriora sau a expira rapid;<br>\n-furnizarea de Bunuri sigilate care nu pot fi returnate din motive de protec\u0163ie a s\u0103n\u0103t\u0103\u0163ii sau din motive de igien\u0103 \u015fi care au fost desigilate de Cumparator;<br>\n-furnizarea de Bunuri care sunt, dup\u0103 livrare, potrivit naturii acestora, inseparabil amestecate cu alte elemente;<br>\n<p>\n<h4> 6. CONFIDEN\u021aIALITATE\n<\/h4>\n<p>C\u0103mara din Tote\u0219ti va pastra confidentialitatea informatiilor de orice natura pe care le furnizati. Dezvaluirea informatiilor furnizate se va putea face doar in conditiile mentionate in prezentul Document.<br>\nNicio declaratie publica, promovare, comunicat de presa sau orice alt mod de dezvaluire catre terte parti nu va fi facuta de Cumparator\/Client cu privire la Comanda\/Contract fara consimtamantul prealabil scris al Vanzatorului.<br>\nPrin transmiterea de informatii sau materiale prin intermediul e-mail sau telefon, oferiti Vanzatorului acces nerestrictionat si irevocabil la acestea, dreptul de a utiliza, reproduce, afisa, modifica, transmite si distribui aceste materiale sau informatii. Sunteti, de asemenea, de acord ca Vanzatorul sa poata utiliza liber, in interes propriu, aceste informatii, idei, concepte, know-how-uri sau tehnici pe care ni le-ati trimis prin intermediul e-mail sau telefon. <br>C\u0103mara din Tote\u0219ti nu va constitui subiect de obligatii referitoare la confidentialitatea informatiilor trimise, daca legislatia in vigoare nu prevede alte specificari in acest sens.\n<p>\n<h4> 7. COMUNICARI COMERCIALE\n\n<\/h4>\n<p>Cumparatorul\/Utilizatorul\/Clientul isi poate modifica in orice moment optiunea cu privire la acordul dat Vanzatorului pentru Comunicarile Comerciale continand informatii generale si tematice inclusiv informatii cu privire la oferte sau promotii, prin contactarea Vanzatorului.\n<p>\n<h4> 8. PLATA\n\n\n<\/h4>\n<p>Plata nu se face niciodat\u0103 prin website, acesta nu este un magazin online. <br>Plata se face ramburs sau numerar, la adresa fizic\u0103.<br> Pretul, modalitatea de plata si termenul de plata sunt specificate in fiecare Comanda. C\u0103mara din Tote\u0219ti va emite o fil\u0103 din carnetul de produc\u0103tor, pe care o va transmite Clientului in format fizic sau electronic. \n\n<p>\n<h4> 9. LIVRAREA BUNURILOR\n\n\n\n<\/h4>\nVanzatorul va asigura ambalarea corespunzatoare a Bunurilor.<br>\nVanzatorul va efectua livrarea Bunurilor si Serviciilor numai pe teritoriul Romaniei.<br>\n\u00cenlocuim sau return\u0103m suma pl\u0103tit\u0103 de c\u0103tre Client, orice produs neconform la momentul primirii comenzii (produs spart, deteriorat etc), \u00een termen de 14 zile. \n\n<p>\n<h4>10. TRANSFERUL PROPRIETATII BUNURILOR\n\n\n\n\n<\/h4>\nProprietatea asupra Bunurilor va fi transferata la livrare, dupa efectuarea platii din partea Cumparatorului in locatia indicata in Comanda (intelegand prin livrare \u2013 semnarea de primire a documentului de transport furnizat de curier sau semnarea de primire pe fila de produc\u0103tor, in cazul livrarilor efectuate de personalul C\u0103mara din Tote\u0219ti).\n\n<p>\n<h4>11. RASPUNDERE\n\n\n\n\n\n<\/h4>\n<p>Vanzatorul nu poate fi responsabil pentru daune de orice fel pe care Cumparatorul sau oricare terta parte o poate suferi ca rezultat al indeplinirii de catre Vanzator a oricarei din obligatiile sale conform Comenzii si pentru daune care rezulta din utilizarea Bunurilor si Serviciilor dupa livrare si in special pentru pierderea acestora.<br>\nVanzatorul isi rezerv\u0103 dreptul de a actualiza \u0219i modifica periodic Termenele si Conditiile Site-ului pentru a reflecta orice modific\u0103ri ale modului si conditiilor de functionare a Site-ului sau orice modific\u0103ri ale cerin\u021belor legale. Documentul este opozabil Clientilor \/ Utilizatorilor\/ Cumparatorilor de la momentul afisarii in Site.  \u00cen cazul oric\u0103rei astfel de modific\u0103ri, vom afi\u0219a pe Site versiunea modificat\u0103 a Documentului, motiv pentru care va rugam sa verificati periodic continutul acestui Document.\n\n<p>\n<h4>12. PRELUCRAREA DATELOR CU CARACTER PERSONAL\n\n\n\n\n\n\n<\/h4>\n<p>Te rog sa parcurgi <a href=\"https:\/\/camaradintotesti.ro\/index.php\/politica-de-confidentialitate\/\" target=\"blank\" rel=\"noopener\">Politica de Confiden\u021bialitate<\/a>  cu privire la prelucrarea datelor cu caracter personal, care face parte din prezentul Document.\n\n<p>\n<h4>13. FOLOLSIREA COOKIE-URILOR\n\n\n\n\n\n\n\n<\/h4>\n<p> Vezi Politica de Cookies <a href=\"https:\/\/camaradintotesti.ro\/index.php\/politica-de-cookies\/\" target=\"blank\" rel=\"noopener\">Politica de Cookies<\/a> \n care face parte din prezentul Document.\n\n<p>\n<h4>14. FORTA MAJORA\n\n\n\n\n\n\n\n\n<\/h4>\n<p>Nici una din parti nu va fi raspunzatoare pentru neexecutarea obligatiilor sale contractuale, daca o astfel de neexecutare la termen si\/sau in mod corespunzator, total sau partial este datorata unui eveniment de forta majora. Forta majora este evenimentul imprevizibil, in afara controlului partilor si care nu poate fi evitat.<br>\nDaca in termen de 15 (cincisprezece) zile de la data producerii lui, respectivul eveniment nu inceteaza fiecare parte va avea dreptul sa notifice celeilalte parti incetarea de plin drept a contractului fara ca vreuna dintre ele sa poata pretinde celeilalte alte daune-interese.\n<p>\n<h4>15. LEGEA APLICABILA \u2013 JURISDICTIA\n\n\n\n\n\n\n\n\n\n<\/h4>\n<p>Prezentul contract este supus legii romane. Eventualele litigii aparute intre Vanzator si Utilizatori \/ Cumparatori se vor rezolva pe cale amiabila sau, in cazul in care aceasta nu va fi posibila, litigiile vor fi solutionate de instantele judecatoresti romane competente.\n\n<p>\n\n\n","protected":false},"excerpt":{"rendered":"","protected":false},"author":1,"featured_media":0,"parent":0,"menu_order":0,"comment_status":"closed","ping_status":"closed","template":"","meta":{"footnotes":""},"class_list":["post-179","page","type-page","status-publish","hentry"],"yoast_head":"<!-- This site is optimized with the Yoast SEO plugin v27.5 - https:\/\/yoast.com\/product\/yoast-seo-wordpress\/ -->\n<title>Termeni si conditii - Hran\u0103 curat\u0103 din \u021aara Ha\u021begului<\/title>\n<meta name=\"robots\" content=\"index, follow, max-snippet:-1, max-image-preview:large, max-video-preview:-1\" \/>\n<link rel=\"canonical\" href=\"https:\/\/camaradintotesti.ro\/index.php\/termeni-si-conditii\/\" \/>\n<meta property=\"og:locale\" content=\"en_US\" \/>\n<meta property=\"og:type\" content=\"article\" \/>\n<meta property=\"og:title\" content=\"Termeni si conditii - Hran\u0103 curat\u0103 din \u021aara Ha\u021begului\" \/>\n<meta property=\"og:url\" content=\"https:\/\/camaradintotesti.ro\/index.php\/termeni-si-conditii\/\" \/>\n<meta property=\"og:site_name\" content=\"Hran\u0103 curat\u0103 din \u021aara Ha\u021begului\" \/>\n<meta property=\"article:modified_time\" content=\"2022-05-05T11:58:51+00:00\" \/>\n<meta name=\"twitter:card\" content=\"summary_large_image\" \/>\n<script type=\"application\/ld+json\" class=\"yoast-schema-graph\">{\"@context\":\"https:\\\/\\\/schema.org\",\"@graph\":[{\"@type\":\"WebPage\",\"@id\":\"https:\\\/\\\/camaradintotesti.ro\\\/index.php\\\/termeni-si-conditii\\\/\",\"url\":\"https:\\\/\\\/camaradintotesti.ro\\\/index.php\\\/termeni-si-conditii\\\/\",\"name\":\"Termeni si conditii - Hran\u0103 curat\u0103 din \u021aara Ha\u021begului\",\"isPartOf\":{\"@id\":\"https:\\\/\\\/camaradintotesti.ro\\\/#website\"},\"datePublished\":\"2022-05-05T10:19:37+00:00\",\"dateModified\":\"2022-05-05T11:58:51+00:00\",\"breadcrumb\":{\"@id\":\"https:\\\/\\\/camaradintotesti.ro\\\/index.php\\\/termeni-si-conditii\\\/#breadcrumb\"},\"inLanguage\":\"en-US\",\"potentialAction\":[{\"@type\":\"ReadAction\",\"target\":[\"https:\\\/\\\/camaradintotesti.ro\\\/index.php\\\/termeni-si-conditii\\\/\"]}]},{\"@type\":\"BreadcrumbList\",\"@id\":\"https:\\\/\\\/camaradintotesti.ro\\\/index.php\\\/termeni-si-conditii\\\/#breadcrumb\",\"itemListElement\":[{\"@type\":\"ListItem\",\"position\":1,\"name\":\"Home\",\"item\":\"https:\\\/\\\/camaradintotesti.ro\\\/\"},{\"@type\":\"ListItem\",\"position\":2,\"name\":\"Termeni si conditii\"}]},{\"@type\":\"WebSite\",\"@id\":\"https:\\\/\\\/camaradintotesti.ro\\\/#website\",\"url\":\"https:\\\/\\\/camaradintotesti.ro\\\/\",\"name\":\"Hran\u0103 curat\u0103 din \u021aara Ha\u021begului\",\"description\":\"Din mii \u0219i mii de alte locuri \u00een care puteai ajunge, tu e\u0219ti aici. Bine ai venit \u00een \u021aara Ha\u021begului!\",\"potentialAction\":[{\"@type\":\"SearchAction\",\"target\":{\"@type\":\"EntryPoint\",\"urlTemplate\":\"https:\\\/\\\/camaradintotesti.ro\\\/?s={search_term_string}\"},\"query-input\":{\"@type\":\"PropertyValueSpecification\",\"valueRequired\":true,\"valueName\":\"search_term_string\"}}],\"inLanguage\":\"en-US\"}]}<\/script>\n<!-- \/ Yoast SEO plugin. -->","yoast_head_json":{"title":"Termeni si conditii - Hran\u0103 curat\u0103 din \u021aara Ha\u021begului","robots":{"index":"index","follow":"follow","max-snippet":"max-snippet:-1","max-image-preview":"max-image-preview:large","max-video-preview":"max-video-preview:-1"},"canonical":"https:\/\/camaradintotesti.ro\/index.php\/termeni-si-conditii\/","og_locale":"en_US","og_type":"article","og_title":"Termeni si conditii - Hran\u0103 curat\u0103 din \u021aara Ha\u021begului","og_url":"https:\/\/camaradintotesti.ro\/index.php\/termeni-si-conditii\/","og_site_name":"Hran\u0103 curat\u0103 din \u021aara Ha\u021begului","article_modified_time":"2022-05-05T11:58:51+00:00","twitter_card":"summary_large_image","schema":{"@context":"https:\/\/schema.org","@graph":[{"@type":"WebPage","@id":"https:\/\/camaradintotesti.ro\/index.php\/termeni-si-conditii\/","url":"https:\/\/camaradintotesti.ro\/index.php\/termeni-si-conditii\/","name":"Termeni si conditii - Hran\u0103 curat\u0103 din \u021aara Ha\u021begului","isPartOf":{"@id":"https:\/\/camaradintotesti.ro\/#website"},"datePublished":"2022-05-05T10:19:37+00:00","dateModified":"2022-05-05T11:58:51+00:00","breadcrumb":{"@id":"https:\/\/camaradintotesti.ro\/index.php\/termeni-si-conditii\/#breadcrumb"},"inLanguage":"en-US","potentialAction":[{"@type":"ReadAction","target":["https:\/\/camaradintotesti.ro\/index.php\/termeni-si-conditii\/"]}]},{"@type":"BreadcrumbList","@id":"https:\/\/camaradintotesti.ro\/index.php\/termeni-si-conditii\/#breadcrumb","itemListElement":[{"@type":"ListItem","position":1,"name":"Home","item":"https:\/\/camaradintotesti.ro\/"},{"@type":"ListItem","position":2,"name":"Termeni si conditii"}]},{"@type":"WebSite","@id":"https:\/\/camaradintotesti.ro\/#website","url":"https:\/\/camaradintotesti.ro\/","name":"Hran\u0103 curat\u0103 din \u021aara Ha\u021begului","description":"Din mii \u0219i mii de alte locuri \u00een care puteai ajunge, tu e\u0219ti aici. Bine ai venit \u00een \u021aara Ha\u021begului!","potentialAction":[{"@type":"SearchAction","target":{"@type":"EntryPoint","urlTemplate":"https:\/\/camaradintotesti.ro\/?s={search_term_string}"},"query-input":{"@type":"PropertyValueSpecification","valueRequired":true,"valueName":"search_term_string"}}],"inLanguage":"en-US"}]}},"_links":{"self":[{"href":"https:\/\/camaradintotesti.ro\/index.php\/wp-json\/wp\/v2\/pages\/179","targetHints":{"allow":["GET"]}}],"collection":[{"href":"https:\/\/camaradintotesti.ro\/index.php\/wp-json\/wp\/v2\/pages"}],"about":[{"href":"https:\/\/camaradintotesti.ro\/index.php\/wp-json\/wp\/v2\/types\/page"}],"author":[{"embeddable":true,"href":"https:\/\/camaradintotesti.ro\/index.php\/wp-json\/wp\/v2\/users\/1"}],"replies":[{"embeddable":true,"href":"https:\/\/camaradintotesti.ro\/index.php\/wp-json\/wp\/v2\/comments?post=179"}],"version-history":[{"count":17,"href":"https:\/\/camaradintotesti.ro\/index.php\/wp-json\/wp\/v2\/pages\/179\/revisions"}],"predecessor-version":[{"id":205,"href":"https:\/\/camaradintotesti.ro\/index.php\/wp-json\/wp\/v2\/pages\/179\/revisions\/205"}],"wp:attachment":[{"href":"https:\/\/camaradintotesti.ro\/index.php\/wp-json\/wp\/v2\/media?parent=179"}],"curies":[{"name":"wp","href":"https:\/\/api.w.org\/{rel}","templated":true}]}}